{"id":5819,"date":"2021-09-14T20:38:17","date_gmt":"2021-09-15T01:38:17","guid":{"rendered":"https:\/\/www.c4trio.com\/tienda\/?post_type=product&#038;p=5819"},"modified":"2026-03-30T02:58:35","modified_gmt":"2026-03-30T07:58:35","slug":"dvd-los-10-de-c4","status":"publish","type":"product","link":"https:\/\/www.c4trio.com\/tienda\/producto\/dvd-los-10-de-c4\/","title":{"rendered":"DVD Los 10 de C4"},"content":{"rendered":"<p>1.\u00a0Zumbacumlaude (Folklore).<br \/>\n2.\u00a0La siembra del cuatro (Cheo Hurtado)<br \/>\n3.\u00a0Billy (Jorge Glem).<br \/>\n4.\u00a0A mis hermanos (Aquiles B\u00e1ez).<br \/>\n5.\u00a0Se empinan la botella (Jos\u00e9 Delgado)<br \/>\n6.\u00a0Yo sin ti no valgo nada (Evio Di Marzo).<br \/>\n7.\u00a0Vaya pue\u2019 (Edward Ram\u00edrez)<br \/>\n8.\u00a0Ahora no (Jes\u00fas Rizzos \/ Jorge Luis Chac\u00edn).<br \/>\n9.\u00a0Vals gitano (Pablo Gil).<br \/>\n10.\u00a0Parampampam (Luciano Pozo).<br \/>\n11.\u00a0Sirena \/ Culo e\u2019 puya (Foklore).<br \/>\n12.\u00a0Te regalo la luna \/ Ah ah oh no (Ricardo Montaner \u2013 Pablo Manavello \/ Willie Col\u00f3n).<br \/>\n13.\u00a0Yari (H\u00e9ctor Molina).<br \/>\n14.\u00a0Tiembla \/ All\u00e1 cay\u00f3 (Horacio Blanco).<br \/>\n15.\u00a0Isn\u2019t she lovely (Stevie Wonder).<br \/>\n16.\u00a0Sentimiento nacional (Ricardo Hern\u00e1ndez).<br \/>\n17.\u00a0D\u00e9jala bailar (Chico Buarque)<br \/>\n18.\u00a0Periquera con seis por derecho (Folklore)<\/p>\n","protected":false},"excerpt":{"rendered":"<p><b><i>Los 10 de C4<\/i><\/b>, DVD aniversario de\u00a0<b>C4 Tr\u00edo<\/b>, puede ser adquirido en m\u00e1s de 50 pa\u00edses a trav\u00e9s de iTunes Store y Vimeo On Demand, gracias a convenio establecido por este destacado grupo con Altafonte Music Network, distribuidora l\u00edder de Iberoam\u00e9rica en la difusi\u00f3n y comercializaci\u00f3n de contenidos musicales en las grandes\u00a0 tiendas del mundo.<\/p>\n<p>Direcci\u00f3n: Hern\u00e1n Jabes<br \/>\nProducci\u00f3n ejecutiva: Soraya Rojas, C4 Tr\u00edo.<br \/>\nProducci\u00f3n general: Soraya Rojas, Fi<\/p>\n","protected":false},"featured_media":5820,"comment_status":"open","ping_status":"closed","template":"","meta":[],"product_brand":[],"product_cat":[54],"product_tag":[],"class_list":{"0":"post-5819","1":"product","2":"type-product","3":"status-publish","4":"has-post-thumbnail","6":"product_cat-productos","8":"first","9":"instock","10":"shipping-taxable","11":"purchasable","12":"product-type-simple"},"yoast_head":"<!-- This site is optimized with the Yoast SEO plugin v26.2 - https:\/\/yoast.com\/wordpress\/plugins\/seo\/ -->\n<title>DVD Los 10 de C4 - Tienda Oficial de C4 Tr\u00edo<\/title>\n<meta name=\"robots\" content=\"index, follow, max-snippet:-1, max-image-preview:large, max-video-preview:-1\" \/>\n<link rel=\"canonical\" href=\"https:\/\/www.c4trio.com\/tienda\/producto\/dvd-los-10-de-c4\/\" \/>\n<meta property=\"og:locale\" content=\"es_ES\" \/>\n<meta property=\"og:type\" content=\"article\" \/>\n<meta property=\"og:title\" content=\"DVD Los 10 de C4 - Tienda Oficial de C4 Tr\u00edo\" \/>\n<meta property=\"og:description\" content=\"Los 10 de C4, DVD aniversario de\u00a0C4 Tr\u00edo, puede ser adquirido en m\u00e1s de 50 pa\u00edses a trav\u00e9s de iTunes Store y Vimeo On Demand, gracias a convenio establecido por este destacado grupo con Altafonte Music Network, distribuidora l\u00edder de Iberoam\u00e9rica en la difusi\u00f3n y comercializaci\u00f3n de contenidos musicales en las grandes\u00a0 tiendas del mundo.  Direcci\u00f3n: Hern\u00e1n Jabes Producci\u00f3n ejecutiva: Soraya Rojas, C4 Tr\u00edo. Producci\u00f3n general: Soraya Rojas, Fi\" \/>\n<meta property=\"og:url\" content=\"https:\/\/www.c4trio.com\/tienda\/producto\/dvd-los-10-de-c4\/\" \/>\n<meta property=\"og:site_name\" content=\"Tienda Oficial de C4 Tr\u00edo\" \/>\n<meta property=\"article:modified_time\" content=\"2026-03-30T07:58:35+00:00\" \/>\n<meta property=\"og:image\" content=\"https:\/\/www.c4trio.com\/tienda\/wp-content\/uploads\/2021\/09\/los10dec4.jpg\" \/>\n\t<meta property=\"og:image:width\" content=\"659\" \/>\n\t<meta property=\"og:image:height\" content=\"661\" \/>\n\t<meta property=\"og:image:type\" content=\"image\/jpeg\" \/>\n<meta name=\"twitter:card\" content=\"summary_large_image\" \/>\n<meta name=\"twitter:label1\" content=\"Tiempo de lectura\" \/>\n\t<meta name=\"twitter:data1\" content=\"1 minuto\" \/>\n<script type=\"application\/ld+json\" class=\"yoast-schema-graph\">{\"@context\":\"https:\/\/schema.org\",\"@graph\":[{\"@type\":\"WebPage\",\"@id\":\"https:\/\/www.c4trio.com\/tienda\/producto\/dvd-los-10-de-c4\/\",\"url\":\"https:\/\/www.c4trio.com\/tienda\/producto\/dvd-los-10-de-c4\/\",\"name\":\"DVD Los 10 de C4 - Tienda Oficial de C4 Tr\u00edo\",\"isPartOf\":{\"@id\":\"https:\/\/www.c4trio.com\/tienda\/#website\"},\"primaryImageOfPage\":{\"@id\":\"https:\/\/www.c4trio.com\/tienda\/producto\/dvd-los-10-de-c4\/#primaryimage\"},\"image\":{\"@id\":\"https:\/\/www.c4trio.com\/tienda\/producto\/dvd-los-10-de-c4\/#primaryimage\"},\"thumbnailUrl\":\"https:\/\/i0.wp.com\/www.c4trio.com\/tienda\/wp-content\/uploads\/2021\/09\/los10dec4.jpg?fit=659%2C661&ssl=1\",\"datePublished\":\"2021-09-15T01:38:17+00:00\",\"dateModified\":\"2026-03-30T07:58:35+00:00\",\"breadcrumb\":{\"@id\":\"https:\/\/www.c4trio.com\/tienda\/producto\/dvd-los-10-de-c4\/#breadcrumb\"},\"inLanguage\":\"es\",\"potentialAction\":[{\"@type\":\"ReadAction\",\"target\":[\"https:\/\/www.c4trio.com\/tienda\/producto\/dvd-los-10-de-c4\/\"]}]},{\"@type\":\"ImageObject\",\"inLanguage\":\"es\",\"@id\":\"https:\/\/www.c4trio.com\/tienda\/producto\/dvd-los-10-de-c4\/#primaryimage\",\"url\":\"https:\/\/i0.wp.com\/www.c4trio.com\/tienda\/wp-content\/uploads\/2021\/09\/los10dec4.jpg?fit=659%2C661&ssl=1\",\"contentUrl\":\"https:\/\/i0.wp.com\/www.c4trio.com\/tienda\/wp-content\/uploads\/2021\/09\/los10dec4.jpg?fit=659%2C661&ssl=1\",\"width\":659,\"height\":661},{\"@type\":\"BreadcrumbList\",\"@id\":\"https:\/\/www.c4trio.com\/tienda\/producto\/dvd-los-10-de-c4\/#breadcrumb\",\"itemListElement\":[{\"@type\":\"ListItem\",\"position\":1,\"name\":\"Portada\",\"item\":\"https:\/\/www.c4trio.com\/tienda\/\"},{\"@type\":\"ListItem\",\"position\":2,\"name\":\"Tienda\",\"item\":\"https:\/\/www.c4trio.com\/tienda\/tienda\/\"},{\"@type\":\"ListItem\",\"position\":3,\"name\":\"DVD Los 10 de C4\"}]},{\"@type\":\"WebSite\",\"@id\":\"https:\/\/www.c4trio.com\/tienda\/#website\",\"url\":\"https:\/\/www.c4trio.com\/tienda\/\",\"name\":\"Tienda Oficial de C4 Tr\u00edo\",\"description\":\"Cursos, Cds, DVD y m\u00e1s\",\"publisher\":{\"@id\":\"https:\/\/www.c4trio.com\/tienda\/#organization\"},\"potentialAction\":[{\"@type\":\"SearchAction\",\"target\":{\"@type\":\"EntryPoint\",\"urlTemplate\":\"https:\/\/www.c4trio.com\/tienda\/?s={search_term_string}\"},\"query-input\":{\"@type\":\"PropertyValueSpecification\",\"valueRequired\":true,\"valueName\":\"search_term_string\"}}],\"inLanguage\":\"es\"},{\"@type\":\"Organization\",\"@id\":\"https:\/\/www.c4trio.com\/tienda\/#organization\",\"name\":\"Tienda Oficial de C4 Tr\u00edo\",\"url\":\"https:\/\/www.c4trio.com\/tienda\/\",\"logo\":{\"@type\":\"ImageObject\",\"inLanguage\":\"es\",\"@id\":\"https:\/\/www.c4trio.com\/tienda\/#\/schema\/logo\/image\/\",\"url\":\"https:\/\/i0.wp.com\/www.c4trio.com\/tienda\/wp-content\/uploads\/2020\/05\/cropped-logo-3.png?fit=55%2C80&ssl=1\",\"contentUrl\":\"https:\/\/i0.wp.com\/www.c4trio.com\/tienda\/wp-content\/uploads\/2020\/05\/cropped-logo-3.png?fit=55%2C80&ssl=1\",\"width\":55,\"height\":80,\"caption\":\"Tienda Oficial de C4 Tr\u00edo\"},\"image\":{\"@id\":\"https:\/\/www.c4trio.com\/tienda\/#\/schema\/logo\/image\/\"}}]}<\/script>\n<!-- \/ Yoast SEO plugin. -->","yoast_head_json":{"title":"DVD Los 10 de C4 - Tienda Oficial de C4 Tr\u00edo","robots":{"index":"index","follow":"follow","max-snippet":"max-snippet:-1","max-image-preview":"max-image-preview:large","max-video-preview":"max-video-preview:-1"},"canonical":"https:\/\/www.c4trio.com\/tienda\/producto\/dvd-los-10-de-c4\/","og_locale":"es_ES","og_type":"article","og_title":"DVD Los 10 de C4 - Tienda Oficial de C4 Tr\u00edo","og_description":"Los 10 de C4, DVD aniversario de\u00a0C4 Tr\u00edo, puede ser adquirido en m\u00e1s de 50 pa\u00edses a trav\u00e9s de iTunes Store y Vimeo On Demand, gracias a convenio establecido por este destacado grupo con Altafonte Music Network, distribuidora l\u00edder de Iberoam\u00e9rica en la difusi\u00f3n y comercializaci\u00f3n de contenidos musicales en las grandes\u00a0 tiendas del mundo.  Direcci\u00f3n: Hern\u00e1n Jabes Producci\u00f3n ejecutiva: Soraya Rojas, C4 Tr\u00edo. Producci\u00f3n general: Soraya Rojas, Fi","og_url":"https:\/\/www.c4trio.com\/tienda\/producto\/dvd-los-10-de-c4\/","og_site_name":"Tienda Oficial de C4 Tr\u00edo","article_modified_time":"2026-03-30T07:58:35+00:00","og_image":[{"width":659,"height":661,"url":"https:\/\/www.c4trio.com\/tienda\/wp-content\/uploads\/2021\/09\/los10dec4.jpg","type":"image\/jpeg"}],"twitter_card":"summary_large_image","twitter_misc":{"Tiempo de lectura":"1 minuto"},"schema":{"@context":"https:\/\/schema.org","@graph":[{"@type":"WebPage","@id":"https:\/\/www.c4trio.com\/tienda\/producto\/dvd-los-10-de-c4\/","url":"https:\/\/www.c4trio.com\/tienda\/producto\/dvd-los-10-de-c4\/","name":"DVD Los 10 de C4 - Tienda Oficial de C4 Tr\u00edo","isPartOf":{"@id":"https:\/\/www.c4trio.com\/tienda\/#website"},"primaryImageOfPage":{"@id":"https:\/\/www.c4trio.com\/tienda\/producto\/dvd-los-10-de-c4\/#primaryimage"},"image":{"@id":"https:\/\/www.c4trio.com\/tienda\/producto\/dvd-los-10-de-c4\/#primaryimage"},"thumbnailUrl":"https:\/\/i0.wp.com\/www.c4trio.com\/tienda\/wp-content\/uploads\/2021\/09\/los10dec4.jpg?fit=659%2C661&ssl=1","datePublished":"2021-09-15T01:38:17+00:00","dateModified":"2026-03-30T07:58:35+00:00","breadcrumb":{"@id":"https:\/\/www.c4trio.com\/tienda\/producto\/dvd-los-10-de-c4\/#breadcrumb"},"inLanguage":"es","potentialAction":[{"@type":"ReadAction","target":["https:\/\/www.c4trio.com\/tienda\/producto\/dvd-los-10-de-c4\/"]}]},{"@type":"ImageObject","inLanguage":"es","@id":"https:\/\/www.c4trio.com\/tienda\/producto\/dvd-los-10-de-c4\/#primaryimage","url":"https:\/\/i0.wp.com\/www.c4trio.com\/tienda\/wp-content\/uploads\/2021\/09\/los10dec4.jpg?fit=659%2C661&ssl=1","contentUrl":"https:\/\/i0.wp.com\/www.c4trio.com\/tienda\/wp-content\/uploads\/2021\/09\/los10dec4.jpg?fit=659%2C661&ssl=1","width":659,"height":661},{"@type":"BreadcrumbList","@id":"https:\/\/www.c4trio.com\/tienda\/producto\/dvd-los-10-de-c4\/#breadcrumb","itemListElement":[{"@type":"ListItem","position":1,"name":"Portada","item":"https:\/\/www.c4trio.com\/tienda\/"},{"@type":"ListItem","position":2,"name":"Tienda","item":"https:\/\/www.c4trio.com\/tienda\/tienda\/"},{"@type":"ListItem","position":3,"name":"DVD Los 10 de C4"}]},{"@type":"WebSite","@id":"https:\/\/www.c4trio.com\/tienda\/#website","url":"https:\/\/www.c4trio.com\/tienda\/","name":"Tienda Oficial de C4 Tr\u00edo","description":"Cursos, Cds, DVD y m\u00e1s","publisher":{"@id":"https:\/\/www.c4trio.com\/tienda\/#organization"},"potentialAction":[{"@type":"SearchAction","target":{"@type":"EntryPoint","urlTemplate":"https:\/\/www.c4trio.com\/tienda\/?s={search_term_string}"},"query-input":{"@type":"PropertyValueSpecification","valueRequired":true,"valueName":"search_term_string"}}],"inLanguage":"es"},{"@type":"Organization","@id":"https:\/\/www.c4trio.com\/tienda\/#organization","name":"Tienda Oficial de C4 Tr\u00edo","url":"https:\/\/www.c4trio.com\/tienda\/","logo":{"@type":"ImageObject","inLanguage":"es","@id":"https:\/\/www.c4trio.com\/tienda\/#\/schema\/logo\/image\/","url":"https:\/\/i0.wp.com\/www.c4trio.com\/tienda\/wp-content\/uploads\/2020\/05\/cropped-logo-3.png?fit=55%2C80&ssl=1","contentUrl":"https:\/\/i0.wp.com\/www.c4trio.com\/tienda\/wp-content\/uploads\/2020\/05\/cropped-logo-3.png?fit=55%2C80&ssl=1","width":55,"height":80,"caption":"Tienda Oficial de C4 Tr\u00edo"},"image":{"@id":"https:\/\/www.c4trio.com\/tienda\/#\/schema\/logo\/image\/"}}]}},"jetpack_sharing_enabled":true,"_links":{"self":[{"href":"https:\/\/www.c4trio.com\/tienda\/wp-json\/wp\/v2\/product\/5819","targetHints":{"allow":["GET"]}}],"collection":[{"href":"https:\/\/www.c4trio.com\/tienda\/wp-json\/wp\/v2\/product"}],"about":[{"href":"https:\/\/www.c4trio.com\/tienda\/wp-json\/wp\/v2\/types\/product"}],"replies":[{"embeddable":true,"href":"https:\/\/www.c4trio.com\/tienda\/wp-json\/wp\/v2\/comments?post=5819"}],"wp:featuredmedia":[{"embeddable":true,"href":"https:\/\/www.c4trio.com\/tienda\/wp-json\/wp\/v2\/media\/5820"}],"wp:attachment":[{"href":"https:\/\/www.c4trio.com\/tienda\/wp-json\/wp\/v2\/media?parent=5819"}],"wp:term":[{"taxonomy":"product_brand","embeddable":true,"href":"https:\/\/www.c4trio.com\/tienda\/wp-json\/wp\/v2\/product_brand?post=5819"},{"taxonomy":"product_cat","embeddable":true,"href":"https:\/\/www.c4trio.com\/tienda\/wp-json\/wp\/v2\/product_cat?post=5819"},{"taxonomy":"product_tag","embeddable":true,"href":"https:\/\/www.c4trio.com\/tienda\/wp-json\/wp\/v2\/product_tag?post=5819"}],"curies":[{"name":"wp","href":"https:\/\/api.w.org\/{rel}","templated":true}]}}