{"id":8995,"date":"2020-06-06T14:42:04","date_gmt":"2020-06-06T14:42:04","guid":{"rendered":"https:\/\/www.c4trio.com\/?page_id=8995"},"modified":"2026-03-10T18:21:01","modified_gmt":"2026-03-10T23:21:01","slug":"edward-ramirez","status":"publish","type":"page","link":"https:\/\/www.c4trio.com\/en\/biografia\/edward-ramirez\/","title":{"rendered":"Edward Ramirez"},"content":{"rendered":"<div class=\"wpb-content-wrapper\"><div class=\"vc_row wpb_row vc_row-fluid qodef-section qodef-content-aligment-left\" style=\"\"><div class=\"clearfix qodef-full-section-inner\"><div class=\"wpb_column vc_column_container vc_col-sm-12\"><div class=\"vc_column-inner\"><div class=\"wpb_wrapper\"><div class=\"vc_row wpb_row vc_inner vc_row-fluid qodef-section qodef-content-aligment-left\" style=\"\"><div class=\"qodef-full-section-inner\"><div class=\"wpb_column vc_column_container vc_col-sm-6\"><div class=\"vc_column-inner\"><div class=\"wpb_wrapper\"><div class=\"vc_empty_space\"   style=\"height: 32px\"><span class=\"vc_empty_space_inner\"><\/span><\/div>\n\t<div class=\"wpb_text_column wpb_content_element\" >\n\t\t<div class=\"wpb_wrapper\">\n\t\t\t<p><span style=\"font-weight: 400;\">Edward Ram\u00edrez (Caracas, 15 de enero de 1985) ha grabado en m\u00e1s de 50 producciones, como acompa\u00f1ante y solista. Asimismo, fue parte de las producciones musicales <\/span><a href=\"http:\/\/universal-arts.co.uk\/venezuela-viva.html\"><span style=\"font-weight: 400;\">Venezuela Viva<\/span><\/a><span style=\"font-weight: 400;\"> y Orinoco, bajo la direcci\u00f3n del pianista <\/span><a href=\"https:\/\/www.cesarorozco.net\/\"><span style=\"font-weight: 400;\">C\u00e9sar Orozco<\/span><\/a><span style=\"font-weight: 400;\">, con las que ha tenido oportunidad de viajar a Holanda, Estados Unidos, Alemania, Edimburgo y Londres.<\/span><\/p>\n<p><span style=\"font-weight: 400;\">A lo largo de su carrera, Edward se ha consolidado como una de las figuras del cuatro solista m\u00e1s vers\u00e1tiles y creativas de su generaci\u00f3n, que no deja de nutrirse de nuevos conocimientos. Ha participado en el evento m\u00e1s importante que premia a los ejecutantes del cuatro, el Concurso Internacional <\/span><a href=\"https:\/\/www.youtube.com\/channel\/UC1x9q6eoeF5DsKgs3YTMlmQ\"><span style=\"font-weight: 400;\">La siembra del cuatro<\/span><\/a><span style=\"font-weight: 400;\">; llev\u00e1ndose el tercer lugar en las ediciones de 2004 y 2005.<\/span><\/p>\n<p><span style=\"font-weight: 400;\">En el a\u00f1o 2011, particip\u00f3 junto al arpista y compositor larense Carlos Orozco en la edici\u00f3n XXXVII del Festival Internacional de M\u00fasica Llanera \u201c<\/span><a href=\"https:\/\/iamvenezuela.com\/2018\/11\/festival-internacional-de-musica-llanera-el-silbon\/\"><span style=\"font-weight: 400;\">El Silb\u00f3n de Oro<\/span><\/a><span style=\"font-weight: 400;\">\u201d, resultando ganador del primer lugar como mejor cuatrista y primer lugar al mejor conjunto llanero.<\/span><\/p>\n<p><span style=\"font-weight: 400;\">En julio de 2012 present\u00f3 al p\u00fablico un experimento personal: un cuatro de cuerdas de metal con el que busca emular el sonido del arpa en el joropo tuyero. Para eso, cont\u00f3 con grandes figuras del g\u00e9nero como invitados especiales: el guitarrista Gabriel Rodr\u00edguez y el cantante Mario D\u00edaz. El bandolista Ismael Querales, el bajista Javier Mar\u00edn, el cantante l\u00edder de Bacalao Men, Pablo Estacio y el maraquero <\/span><a href=\"https:\/\/manuelmaracas.com\/manuelsite\/en\/\"><span style=\"font-weight: 400;\">Manuel Rangel<\/span><\/a><span style=\"font-weight: 400;\"> acompa\u00f1aron a Edward y recorrieron un repertorio compuesto en su totalidad por joropo central.<\/span><\/p>\n<p><span style=\"font-weight: 400;\">En septiembre de 2012 fue seleccionado por la organizaci\u00f3n norteamericana <\/span><a href=\"https:\/\/1beat.org\/\"><span style=\"font-weight: 400;\">OneBeat <\/span><\/a><span style=\"font-weight: 400;\">para participar en su programa de intercambio musical con artistas de 30 pa\u00edses alrededor del mundo, siendo Ram\u00edrez el \u00fanico de habla hispana. El programa incluy\u00f3 dos semanas de residencia y creaci\u00f3n de m\u00fasica en el Atlantic Center of the Arts en Florida y dos semanas de gira por varias ciudades del este de Estados Unidos como Nueva York, Philadelphia, Washington, Orlando, Charleston, y Floyd. Durante el intercambio, Edward comparti\u00f3 tarima y conocimientos musicales con figuras como el bajista <\/span><a href=\"https:\/\/www.greggaugust.com\/\"><span style=\"font-weight: 400;\">Gregg August,<\/span><\/a><span style=\"font-weight: 400;\"> el percusionista <\/span><a href=\"https:\/\/dafnisonmusic.com\/\"><span style=\"font-weight: 400;\">Dafnis Prieto<\/span><\/a><span style=\"font-weight: 400;\"> y el multiinstrumentista Mark Stewart.<\/span><\/p>\n\n\t\t<\/div>\n\t<\/div>\n<div class=\"vc_empty_space\"   style=\"height: 32px\"><span class=\"vc_empty_space_inner\"><\/span><\/div>\n\t<div  class=\"wpb_single_image wpb_content_element vc_align_left wpb_content_element\">\n\t\t\n\t\t<figure class=\"wpb_wrapper vc_figure\">\n\t\t\t<div class=\"vc_single_image-wrapper   vc_box_border_grey\"><img loading=\"lazy\" decoding=\"async\" width=\"1000\" height=\"1298\" src=\"https:\/\/www.c4trio.com\/wp-content\/uploads\/2020\/09\/DSC4632.jpg\" class=\"vc_single_image-img attachment-full\" alt=\"\" title=\"_DSC4632\" srcset=\"https:\/\/www.c4trio.com\/wp-content\/uploads\/2020\/09\/DSC4632.jpg 1000w, https:\/\/www.c4trio.com\/wp-content\/uploads\/2020\/09\/DSC4632-600x779.jpg 600w, https:\/\/www.c4trio.com\/wp-content\/uploads\/2020\/09\/DSC4632-231x300.jpg 231w, https:\/\/www.c4trio.com\/wp-content\/uploads\/2020\/09\/DSC4632-789x1024.jpg 789w, https:\/\/www.c4trio.com\/wp-content\/uploads\/2020\/09\/DSC4632-768x997.jpg 768w\" sizes=\"auto, (max-width: 1000px) 100vw, 1000px\" \/><\/div>\n\t\t<\/figure>\n\t<\/div>\n<div class=\"vc_empty_space\"   style=\"height: 32px\"><span class=\"vc_empty_space_inner\"><\/span><\/div>\n\t<div class=\"wpb_text_column wpb_content_element\" >\n\t\t<div class=\"wpb_wrapper\">\n\t\t\t<p><span style=\"font-weight: 400;\">En 2018 fueron los ganadores de la categor\u00eda \u201cMejor Artista de M\u00fasica Tradicional\u201d de los premios Pepsi Music. Ese a\u00f1o y el siguiente llevaron sus composiciones de gira por Europa, M\u00e9xico, Argentina, Brasil, Ecuador y Estados Unidos.\u00a0<\/span><\/p>\n<p><span style=\"font-weight: 400;\">Actualmente est\u00e1n residenciados en Colombia, donde han grabado con artistas como <\/span><a href=\"https:\/\/es.wikipedia.org\/wiki\/Felipe_Pel%C3%A1ez\"><span style=\"font-weight: 400;\">Pipe Pel\u00e1ez<\/span><\/a><span style=\"font-weight: 400;\">, <\/span><a href=\"https:\/\/www.lasanez.com\/\"><span style=\"font-weight: 400;\">Las \u00c1\u00f1ez<\/span><\/a><span style=\"font-weight: 400;\">, <\/span><a href=\"https:\/\/es.wikipedia.org\/wiki\/Desorden_P%C3%BAblico\"><span style=\"font-weight: 400;\">Desorden P\u00fablico<\/span><\/a><span style=\"font-weight: 400;\"> y <\/span><a href=\"https:\/\/www.youtube.com\/watch?v=aGFUUsZOvNs&amp;list=PLIkW9qGA_0_ZmS-lRLDzQzmPVKOoeJ1TR&amp;index=1489\"><span style=\"font-weight: 400;\">Franco DeVita<\/span><\/a><span style=\"font-weight: 400;\">. En Colombia se han presentado en la Universidad Javeriana, la Universidad de Los Andes y en los festivales La Tigra, Mono N\u00fa\u00f1ez y Primavera Fest. Actualmente trabajan en su segunda producci\u00f3n.\u00a0<\/span><\/p>\n<p><span style=\"font-weight: 400;\">Edward ha demostrado no solo ser un excelente cuatrista, sino tambi\u00e9n un fan\u00e1tico de la investigaci\u00f3n. Al intervenir su instrumento para buscar el sonido del arpa tuyera y al procesar su interpretaci\u00f3n con pedales y otras herramientas.<\/span><\/p>\n<p><span style=\"font-weight: 400;\">Edward Ram\u00edrez es uno de los m\u00fasicos m\u00e1s \u00e1vidos por explorar y conocer la m\u00fasica venezolana y del mundo, con una capacidad de investigaci\u00f3n y composici\u00f3n sin l\u00edmites. Como compositor, productor, solista y parte de C4 Tr\u00edo, es parte de la generaci\u00f3n de m\u00fasicos venezolanos que est\u00e1 cambiando la forma en que los j\u00f3venes ven la m\u00fasica de ra\u00edz tradicional.\u00a0<\/span><\/p>\n\n\t\t<\/div>\n\t<\/div>\n<div class=\"vc_empty_space\"   style=\"height: 32px\"><span class=\"vc_empty_space_inner\"><\/span><\/div><\/div><\/div><\/div><div class=\"wpb_column vc_column_container vc_col-sm-6\"><div class=\"vc_column-inner\"><div class=\"wpb_wrapper\"><div class=\"vc_empty_space\"   style=\"height: 32px\"><span class=\"vc_empty_space_inner\"><\/span><\/div>\n\t<div  class=\"wpb_single_image wpb_content_element vc_align_left wpb_content_element\">\n\t\t\n\t\t<figure class=\"wpb_wrapper vc_figure\">\n\t\t\t<div class=\"vc_single_image-wrapper   vc_box_border_grey\"><img loading=\"lazy\" decoding=\"async\" width=\"1000\" height=\"1092\" src=\"https:\/\/www.c4trio.com\/wp-content\/uploads\/2020\/09\/DSC4640.jpg\" class=\"vc_single_image-img attachment-full\" alt=\"\" title=\"_DSC4640\" srcset=\"https:\/\/www.c4trio.com\/wp-content\/uploads\/2020\/09\/DSC4640.jpg 1000w, https:\/\/www.c4trio.com\/wp-content\/uploads\/2020\/09\/DSC4640-600x655.jpg 600w, https:\/\/www.c4trio.com\/wp-content\/uploads\/2020\/09\/DSC4640-275x300.jpg 275w, https:\/\/www.c4trio.com\/wp-content\/uploads\/2020\/09\/DSC4640-938x1024.jpg 938w, https:\/\/www.c4trio.com\/wp-content\/uploads\/2020\/09\/DSC4640-768x839.jpg 768w\" sizes=\"auto, (max-width: 1000px) 100vw, 1000px\" \/><\/div>\n\t\t<\/figure>\n\t<\/div>\n<div class=\"vc_empty_space\"   style=\"height: 32px\"><span class=\"vc_empty_space_inner\"><\/span><\/div>\n\t<div class=\"wpb_text_column wpb_content_element\" >\n\t\t<div class=\"wpb_wrapper\">\n\t\t\t<p><span style=\"font-weight: 400;\">En 2013 lanza su primer disco solista <\/span><i><span style=\"font-weight: 400;\">Parroquia<\/span><\/i><span style=\"font-weight: 400;\"> junto a Roberto Koch (contrabajo) y Carlos \u201cNen\u00e9\u201d Quintero (percusi\u00f3n), que incluye nueve temas compuestos especialmente para cuatro venezolano. Un a\u00f1o despu\u00e9s, present\u00f3 al p\u00fablico su disco <\/span><i><span style=\"font-weight: 400;\">Cuatro, maraca y buche<\/span><\/i><span style=\"font-weight: 400;\">, resultado del concierto de joropo en el que present\u00f3 su cuatro de cuerdas met\u00e1licas y que marca el rumbo de su trabajo en solitario hasta la actualidad, cuando une talentos con el cantante y compositor Rafael Pino para mostrar una visi\u00f3n m\u00e1s urbana y moderna de este g\u00e9nero y promover el encuentro de los pioneros con las nuevas generaciones gracias a el proyecto <\/span><i><span style=\"font-weight: 400;\">El Tuyero Ilustrado<\/span><\/i><span style=\"font-weight: 400;\">.<\/span><\/p>\n<p><span style=\"font-weight: 400;\">En 2015, fue el primer m\u00fasico solista instrumental en ganar el premio \u00abArtista del a\u00f1o\u00bb en los <\/span><a href=\"https:\/\/premiospepsimusic.com\/\"><span style=\"font-weight: 400;\">premios Pepsi Music<\/span><\/a><span style=\"font-weight: 400;\"> en Venezuela. Ese mismo a\u00f1o fue uno de los m\u00fasicos invitados por <\/span><a href=\"https:\/\/www.amigosinvisibles.com\/en\/\"><span style=\"font-weight: 400;\">Los Amigos Invisibles<\/span><\/a><span style=\"font-weight: 400;\"> en su gira nacional y grab\u00f3 en el disco tributo a Sim\u00f3n D\u00edaz de <\/span><a href=\"https:\/\/es.wikipedia.org\/wiki\/Rafael_Brito\"><span style=\"font-weight: 400;\">Rafael \u201cPollo\u201d Brito<\/span><\/a><span style=\"font-weight: 400;\">.<\/span><\/p>\n<p><span style=\"font-weight: 400;\">Desde el 2017 Edward est\u00e1 residenciado en Colombia, donde se ha dedicado a seguir componiendo con el cuatro venezolano y proyectar su carrera musical. Ha grabado con artistas como <\/span><a href=\"https:\/\/open.spotify.com\/track\/1Y92F5yHzz4sxxihmSg0E7?si=jEVAmgBASeq98ZEJjdMnGQ\"><span style=\"font-weight: 400;\">Puerto Candelaria<\/span><\/a><span style=\"font-weight: 400;\">, <\/span><a href=\"https:\/\/www.youtube.com\/watch?v=_I35XTOrewQ\"><span style=\"font-weight: 400;\">Mareh<\/span><\/a><span style=\"font-weight: 400;\">, <\/span><a href=\"https:\/\/www.youtube.com\/watch?v=_I35XTOrewQ\"><span style=\"font-weight: 400;\">Hugo Candelario<\/span><\/a><span style=\"font-weight: 400;\">, <\/span><a href=\"https:\/\/open.spotify.com\/track\/3mWbwnVdOpzgt7572MklI5?si=N96FhRN7Qdq6TGlPGnQgRA\"><span style=\"font-weight: 400;\">Jason Neutra<\/span><\/a><span style=\"font-weight: 400;\">, <\/span><a href=\"https:\/\/www.youtube.com\/watch?v=upJ_Acn4WXk\"><span style=\"font-weight: 400;\">Espiral 7,<\/span><\/a> <a href=\"https:\/\/www.youtube.com\/watch?v=uR7NnZJawos\"><span style=\"font-weight: 400;\">Tierradentro<\/span><\/a><span style=\"font-weight: 400;\">, <\/span><a href=\"https:\/\/www.youtube.com\/watch?v=MX8vtnVGRoo\"><span style=\"font-weight: 400;\">Arroz con leche<\/span><\/a><span style=\"font-weight: 400;\"> y <\/span><a href=\"https:\/\/www.youtube.com\/watch?v=dihqxWAMmzw\"><span style=\"font-weight: 400;\">Cununao<\/span><\/a><span style=\"font-weight: 400;\">.\u00a0\u00a0<\/span><\/p>\n<p><span style=\"font-weight: 400;\">A principios de 2020 present\u00f3 <\/span><i><span style=\"font-weight: 400;\">Canta el cuatro,<\/span><\/i><span style=\"font-weight: 400;\"> proyecto donde presenta al p\u00fablico colombiano m\u00fasica de Colombia y Venezuela mostrando las posibilidades del cuatro solista<\/span><\/p>\n<p><b>El Tuyero Ilustrado<\/b><\/p>\n<p><span style=\"font-weight: 400;\">Unidos por su gusto por el joropo tuyero, Edward y el cantautor Rafael Pino, formaron <\/span><a href=\"https:\/\/www.eltuyeroilustrado.com\/\"><span style=\"font-weight: 400;\">El Tuyero Ilustrado<\/span><\/a><span style=\"font-weight: 400;\"> en 2016. Un proyecto que estudia este g\u00e9nero d\u00e1ndole un matiz nuevo, m\u00e1s urbano y con letras actuales. Edward ha innovado con su instrumento intervenido con cuerdas de metal y ha experimentado un nuevo sonido que respeta las ra\u00edces del joropo central.\u00a0<\/span><\/p>\n<p><span style=\"font-weight: 400;\">Su disco hom\u00f3nimo fue nominado a Mejor \u00c1lbum Folk en los Latin Grammy en 2017 y ha sido aclamado por la cr\u00edtica y el p\u00fablico gracias al gran sonido que lograron con creatividad, respeto y amor por el g\u00e9nero. Una obra centrada en el joropo tuyero que a la vez tiene elementos lejanos de su forma tradicional. Implementaci\u00f3n de coros, metales, bater\u00eda, bajo, contrabajo, cuarteto de flauta, cuatro de cuerdas met\u00e1licas, cuatro electroac\u00fastico procesado por pedales y letras con diferentes temas de actualidad, son parte de las novedades de este proyecto.\u00a0<\/span><\/p>\n\n\t\t<\/div>\n\t<\/div>\n<div class=\"vc_empty_space\"   style=\"height: 32px\"><span class=\"vc_empty_space_inner\"><\/span><\/div>\n\t<div  class=\"wpb_single_image wpb_content_element vc_align_left wpb_content_element\">\n\t\t\n\t\t<figure class=\"wpb_wrapper vc_figure\">\n\t\t\t<div class=\"vc_single_image-wrapper   vc_box_border_grey\"><img loading=\"lazy\" decoding=\"async\" width=\"1000\" height=\"667\" src=\"https:\/\/www.c4trio.com\/wp-content\/uploads\/2020\/09\/DSC4636.jpg\" class=\"vc_single_image-img attachment-full\" alt=\"\" title=\"_DSC4636\" srcset=\"https:\/\/www.c4trio.com\/wp-content\/uploads\/2020\/09\/DSC4636.jpg 1000w, https:\/\/www.c4trio.com\/wp-content\/uploads\/2020\/09\/DSC4636-600x400.jpg 600w, https:\/\/www.c4trio.com\/wp-content\/uploads\/2020\/09\/DSC4636-300x200.jpg 300w, https:\/\/www.c4trio.com\/wp-content\/uploads\/2020\/09\/DSC4636-768x512.jpg 768w\" sizes=\"auto, (max-width: 1000px) 100vw, 1000px\" \/><\/div>\n\t\t<\/figure>\n\t<\/div>\n<div class=\"vc_empty_space\"   style=\"height: 32px\"><span class=\"vc_empty_space_inner\"><\/span><\/div><\/div><\/div><\/div><\/div><\/div><\/div><\/div><\/div><\/div><\/div>\n<\/div>","protected":false},"excerpt":{"rendered":"Edward Ram\u00edrez (Caracas, 15 de enero de 1985) ha grabado en m\u00e1s de 50 producciones, como acompa\u00f1ante y solista. Asimismo, fue parte de las producciones musicales Venezuela Viva y Orinoco, bajo la direcci\u00f3n del pianista C\u00e9sar Orozco, con las que ha tenido oportunidad de viajar...","protected":false},"author":1,"featured_media":0,"parent":4094,"menu_order":0,"comment_status":"closed","ping_status":"closed","template":"","meta":{"footnotes":""},"class_list":["post-8995","page","type-page","status-publish","hentry"],"yoast_head":"<!-- This site is optimized with the Yoast SEO plugin v27.1.1 - https:\/\/yoast.com\/product\/yoast-seo-wordpress\/ -->\n<title>Edward Ram\u00edrez - C4 Tr\u00edo<\/title>\n<meta name=\"description\" content=\"Edward Ram\u00edrez (Caracas, 15 de enero de 1985) es uno de los cuatristas m\u00e1s prol\u00edficos y solicitados de la actualidad. A lo largo de su carrera ha grabado en m\u00e1s de 30 discos,\" \/>\n<meta name=\"robots\" content=\"index, follow, max-snippet:-1, max-image-preview:large, max-video-preview:-1\" \/>\n<link rel=\"canonical\" href=\"https:\/\/www.c4trio.com\/en\/biografia\/edward-ramirez\/\" \/>\n<meta property=\"og:locale\" content=\"en_US\" \/>\n<meta property=\"og:type\" content=\"article\" \/>\n<meta property=\"og:title\" content=\"Edward Ram\u00edrez - C4 Tr\u00edo\" \/>\n<meta property=\"og:description\" content=\"Edward Ram\u00edrez (Caracas, 15 de enero de 1985) es uno de los cuatristas m\u00e1s prol\u00edficos y solicitados de la actualidad. A lo largo de su carrera ha grabado en m\u00e1s de 30 discos,\" \/>\n<meta property=\"og:url\" content=\"https:\/\/www.c4trio.com\/en\/biografia\/edward-ramirez\/\" \/>\n<meta property=\"og:site_name\" content=\"C4 Tr\u00edo\" \/>\n<meta property=\"article:publisher\" content=\"https:\/\/www.facebook.com\/profile.php?id=100050537467192\" \/>\n<meta property=\"article:modified_time\" content=\"2026-03-10T23:21:01+00:00\" \/>\n<meta name=\"twitter:card\" content=\"summary_large_image\" \/>\n<meta name=\"twitter:site\" content=\"@c4trio\" \/>\n<meta name=\"twitter:label1\" content=\"Est. reading time\" \/>\n\t<meta name=\"twitter:data1\" content=\"5 minutes\" \/>\n<script type=\"application\/ld+json\" class=\"yoast-schema-graph\">{\"@context\":\"https:\/\/schema.org\",\"@graph\":[{\"@type\":\"WebPage\",\"@id\":\"https:\/\/www.c4trio.com\/biografia\/edward-ramirez\/\",\"url\":\"https:\/\/www.c4trio.com\/biografia\/edward-ramirez\/\",\"name\":\"Edward Ram\u00edrez - C4 Tr\u00edo\",\"isPartOf\":{\"@id\":\"https:\/\/www.c4trio.com\/#website\"},\"datePublished\":\"2020-06-06T14:42:04+00:00\",\"dateModified\":\"2026-03-10T23:21:01+00:00\",\"description\":\"Edward Ram\u00edrez (Caracas, 15 de enero de 1985) es uno de los cuatristas m\u00e1s prol\u00edficos y solicitados de la actualidad. A lo largo de su carrera ha grabado en m\u00e1s de 30 discos,\",\"breadcrumb\":{\"@id\":\"https:\/\/www.c4trio.com\/biografia\/edward-ramirez\/#breadcrumb\"},\"inLanguage\":\"en-US\",\"potentialAction\":[{\"@type\":\"ReadAction\",\"target\":[\"https:\/\/www.c4trio.com\/biografia\/edward-ramirez\/\"]}]},{\"@type\":\"BreadcrumbList\",\"@id\":\"https:\/\/www.c4trio.com\/biografia\/edward-ramirez\/#breadcrumb\",\"itemListElement\":[{\"@type\":\"ListItem\",\"position\":1,\"name\":\"Portada\",\"item\":\"https:\/\/www.c4trio.com\/\"},{\"@type\":\"ListItem\",\"position\":2,\"name\":\"Biograf\u00eda\",\"item\":\"https:\/\/www.c4trio.com\/biografia\/\"},{\"@type\":\"ListItem\",\"position\":3,\"name\":\"Edward Ram\u00edrez\"}]},{\"@type\":\"WebSite\",\"@id\":\"https:\/\/www.c4trio.com\/#website\",\"url\":\"https:\/\/www.c4trio.com\/\",\"name\":\"C4 Tr\u00edo\",\"description\":\"P\u00e1gina Oficial\",\"publisher\":{\"@id\":\"https:\/\/www.c4trio.com\/#organization\"},\"potentialAction\":[{\"@type\":\"SearchAction\",\"target\":{\"@type\":\"EntryPoint\",\"urlTemplate\":\"https:\/\/www.c4trio.com\/?s={search_term_string}\"},\"query-input\":{\"@type\":\"PropertyValueSpecification\",\"valueRequired\":true,\"valueName\":\"search_term_string\"}}],\"inLanguage\":\"en-US\"},{\"@type\":\"Organization\",\"@id\":\"https:\/\/www.c4trio.com\/#organization\",\"name\":\"C4 Tr\u00edo\",\"url\":\"https:\/\/www.c4trio.com\/\",\"logo\":{\"@type\":\"ImageObject\",\"inLanguage\":\"en-US\",\"@id\":\"https:\/\/www.c4trio.com\/#\/schema\/logo\/image\/\",\"url\":\"https:\/\/www.c4trio.com\/wp-content\/uploads\/2016\/09\/logo.png\",\"contentUrl\":\"https:\/\/www.c4trio.com\/wp-content\/uploads\/2016\/09\/logo.png\",\"width\":365,\"height\":80,\"caption\":\"C4 Tr\u00edo\"},\"image\":{\"@id\":\"https:\/\/www.c4trio.com\/#\/schema\/logo\/image\/\"},\"sameAs\":[\"https:\/\/www.facebook.com\/profile.php?id=100050537467192\",\"https:\/\/x.com\/c4trio\",\"https:\/\/www.instagram.com\/c4trio\"]}]}<\/script>\n<!-- \/ Yoast SEO plugin. -->","yoast_head_json":{"title":"Edward Ram\u00edrez - C4 Tr\u00edo","description":"Edward Ram\u00edrez (Caracas, 15 de enero de 1985) es uno de los cuatristas m\u00e1s prol\u00edficos y solicitados de la actualidad. A lo largo de su carrera ha grabado en m\u00e1s de 30 discos,","robots":{"index":"index","follow":"follow","max-snippet":"max-snippet:-1","max-image-preview":"max-image-preview:large","max-video-preview":"max-video-preview:-1"},"canonical":"https:\/\/www.c4trio.com\/en\/biografia\/edward-ramirez\/","og_locale":"en_US","og_type":"article","og_title":"Edward Ram\u00edrez - C4 Tr\u00edo","og_description":"Edward Ram\u00edrez (Caracas, 15 de enero de 1985) es uno de los cuatristas m\u00e1s prol\u00edficos y solicitados de la actualidad. A lo largo de su carrera ha grabado en m\u00e1s de 30 discos,","og_url":"https:\/\/www.c4trio.com\/en\/biografia\/edward-ramirez\/","og_site_name":"C4 Tr\u00edo","article_publisher":"https:\/\/www.facebook.com\/profile.php?id=100050537467192","article_modified_time":"2026-03-10T23:21:01+00:00","twitter_card":"summary_large_image","twitter_site":"@c4trio","twitter_misc":{"Est. reading time":"5 minutes"},"schema":{"@context":"https:\/\/schema.org","@graph":[{"@type":"WebPage","@id":"https:\/\/www.c4trio.com\/biografia\/edward-ramirez\/","url":"https:\/\/www.c4trio.com\/biografia\/edward-ramirez\/","name":"Edward Ram\u00edrez - C4 Tr\u00edo","isPartOf":{"@id":"https:\/\/www.c4trio.com\/#website"},"datePublished":"2020-06-06T14:42:04+00:00","dateModified":"2026-03-10T23:21:01+00:00","description":"Edward Ram\u00edrez (Caracas, 15 de enero de 1985) es uno de los cuatristas m\u00e1s prol\u00edficos y solicitados de la actualidad. A lo largo de su carrera ha grabado en m\u00e1s de 30 discos,","breadcrumb":{"@id":"https:\/\/www.c4trio.com\/biografia\/edward-ramirez\/#breadcrumb"},"inLanguage":"en-US","potentialAction":[{"@type":"ReadAction","target":["https:\/\/www.c4trio.com\/biografia\/edward-ramirez\/"]}]},{"@type":"BreadcrumbList","@id":"https:\/\/www.c4trio.com\/biografia\/edward-ramirez\/#breadcrumb","itemListElement":[{"@type":"ListItem","position":1,"name":"Portada","item":"https:\/\/www.c4trio.com\/"},{"@type":"ListItem","position":2,"name":"Biograf\u00eda","item":"https:\/\/www.c4trio.com\/biografia\/"},{"@type":"ListItem","position":3,"name":"Edward Ram\u00edrez"}]},{"@type":"WebSite","@id":"https:\/\/www.c4trio.com\/#website","url":"https:\/\/www.c4trio.com\/","name":"C4 Trio","description":"P\u00e1gina Oficial","publisher":{"@id":"https:\/\/www.c4trio.com\/#organization"},"potentialAction":[{"@type":"SearchAction","target":{"@type":"EntryPoint","urlTemplate":"https:\/\/www.c4trio.com\/?s={search_term_string}"},"query-input":{"@type":"PropertyValueSpecification","valueRequired":true,"valueName":"search_term_string"}}],"inLanguage":"en-US"},{"@type":"Organization","@id":"https:\/\/www.c4trio.com\/#organization","name":"C4 Trio","url":"https:\/\/www.c4trio.com\/","logo":{"@type":"ImageObject","inLanguage":"en-US","@id":"https:\/\/www.c4trio.com\/#\/schema\/logo\/image\/","url":"https:\/\/www.c4trio.com\/wp-content\/uploads\/2016\/09\/logo.png","contentUrl":"https:\/\/www.c4trio.com\/wp-content\/uploads\/2016\/09\/logo.png","width":365,"height":80,"caption":"C4 Tr\u00edo"},"image":{"@id":"https:\/\/www.c4trio.com\/#\/schema\/logo\/image\/"},"sameAs":["https:\/\/www.facebook.com\/profile.php?id=100050537467192","https:\/\/x.com\/c4trio","https:\/\/www.instagram.com\/c4trio"]}]}},"_links":{"self":[{"href":"https:\/\/www.c4trio.com\/en\/wp-json\/wp\/v2\/pages\/8995","targetHints":{"allow":["GET"]}}],"collection":[{"href":"https:\/\/www.c4trio.com\/en\/wp-json\/wp\/v2\/pages"}],"about":[{"href":"https:\/\/www.c4trio.com\/en\/wp-json\/wp\/v2\/types\/page"}],"author":[{"embeddable":true,"href":"https:\/\/www.c4trio.com\/en\/wp-json\/wp\/v2\/users\/1"}],"replies":[{"embeddable":true,"href":"https:\/\/www.c4trio.com\/en\/wp-json\/wp\/v2\/comments?post=8995"}],"version-history":[{"count":9,"href":"https:\/\/www.c4trio.com\/en\/wp-json\/wp\/v2\/pages\/8995\/revisions"}],"predecessor-version":[{"id":9114,"href":"https:\/\/www.c4trio.com\/en\/wp-json\/wp\/v2\/pages\/8995\/revisions\/9114"}],"up":[{"embeddable":true,"href":"https:\/\/www.c4trio.com\/en\/wp-json\/wp\/v2\/pages\/4094"}],"wp:attachment":[{"href":"https:\/\/www.c4trio.com\/en\/wp-json\/wp\/v2\/media?parent=8995"}],"curies":[{"name":"wp","href":"https:\/\/api.w.org\/{rel}","templated":true}]}}