{"id":8988,"date":"2020-06-06T14:31:09","date_gmt":"2020-06-06T14:31:09","guid":{"rendered":"https:\/\/www.c4trio.com\/?page_id=8988"},"modified":"2020-09-14T07:41:48","modified_gmt":"2020-09-14T07:41:48","slug":"jorge-glem","status":"publish","type":"page","link":"https:\/\/www.c4trio.com\/en\/biografia\/jorge-glem\/","title":{"rendered":"Jorge Glem"},"content":{"rendered":"<div class=\"wpb-content-wrapper\"><div class=\"vc_row wpb_row vc_row-fluid qodef-section qodef-content-aligment-left\" style=\"\"><div class=\"clearfix qodef-full-section-inner\"><div class=\"wpb_column vc_column_container vc_col-sm-12\"><div class=\"vc_column-inner\"><div class=\"wpb_wrapper\"><div class=\"vc_row wpb_row vc_inner vc_row-fluid qodef-section qodef-content-aligment-left\" style=\"\"><div class=\"qodef-full-section-inner\"><div class=\"wpb_column vc_column_container vc_col-sm-6\"><div class=\"vc_column-inner\"><div class=\"wpb_wrapper\"><div class=\"vc_empty_space\"   style=\"height: 32px\"><span class=\"vc_empty_space_inner\"><\/span><\/div>\n\t<div class=\"wpb_text_column wpb_content_element\" >\n\t\t<div class=\"wpb_wrapper\">\n\t\t\t<div class=\"wpb_text_column wpb_content_element jorge-title\">\n<div class=\"wpb_wrapper\"><\/div>\n<\/div>\n<div class=\"vc_empty_space\">El galardonado cuatrista, mandolinista y productor musical Jorge Glem es sin duda uno de los grandes tesoros musicales de Venezuela. Oriundo de la ciudad de Cuman\u00e1, Glem, quien actualmente reside en la ciudad de Nueva York se ha dedicado apasionadamente a dar a conocer el cuatro venezolano, explorando junto a el diversos ritmos de todas partes del mundo.<\/div>\n<div class=\"wpb_text_column wpb_content_element biography-text light-font\">\n<div class=\"wpb_wrapper\">\n<p class=\"p1\"><span class=\"s1\">Con su incre\u00edble talento ha logrado fusionar este instrumento tradicional\u00a0\u00a0de su natal Venezuela con g\u00e9neros como el jazz, la salsa, el bluegrass, el rock y el pop, compartiendo escenarios con reconocidas figuras mundiales como Paquito D\u2019Rivera, Jordan Rudess, Rub\u00e9n Blades, Carlos Vives, Calle 13, Natalia Lafoucarde, Guaco, Desorden P\u00fablico, Ensamble Gurruf\u00edo, Gualberto Ibarreto, Etienne Charles y muchas otras personalidades importantes en el mundo de la m\u00fasica.\u00a0\u00a0<\/span><span class=\"s2\"><br \/>\n<\/span><span class=\"s1\"><br \/>\nEn 2017, Glem, en su esfuerzo continuo de internacionalizar el cuatro, inici\u00f3 un movimiento llamado #4CuatroMusic a trav\u00e9s de las redes sociales que alcanz\u00f3 m\u00e1s de mil publicaciones en solo tres semanas. Sin lugar a duda, el cuatro es m\u00e1s que un simple instrumento para este prodigio musical venezolano ya\u00a0\u00a0que no es solo su fiel compa\u00f1ero sino junto a el ha encontrado una voz que sobrepasa cualquier frontera.<\/span><\/p>\n<p>Glem es tambi\u00e9n miembro de aclamado grupo musical C4 Trio, ganador de un Latin Grammy, tres veces nominado al mismo y m\u00e1s recientemente, en 2018 nominado para el Grammy estadounidense. Ha participado en m\u00e1s de 200 producciones y ha viajado extensamente por todo el mundo.<\/p>\n<p>Jorge Glem ha sido galardonado con prestigiosos premios como \u00abEl Silb\u00f3n de Oro\u00bb, 2014, \u00abSiembra Del Cuatro\u00bb 2015, y tres premios Pepsi Music por su \u00e1lbum \u00abEn El Cerrito.\u00bb Con tres producciones propias, Glem, actualmente est\u00e1 participando en colaboraciones con el acordeonista de m\u00fasica folk Sam Reider, al igual que en otro proyecto junto al pianista, compositor y arreglista cubano-venezolano, Cesar Orozco, con quien grab\u00f3 recientemente y se est\u00e1 preparando para lanzar un \u00e1lbum. Glem contin\u00faa recorriendo los Estados Unidos, Am\u00e9rica Latina y Europa y espera participar en muchas m\u00e1s colaboraciones que tengan como protag\u00f3nico el ic\u00f3nico cuatro venezolano.<\/p>\n<\/div>\n<\/div>\n\n\t\t<\/div>\n\t<\/div>\n<\/div><\/div><\/div><div class=\"wpb_column vc_column_container vc_col-sm-6\"><div class=\"vc_column-inner\"><div class=\"wpb_wrapper\"><div class=\"vc_empty_space\"   style=\"height: 32px\"><span class=\"vc_empty_space_inner\"><\/span><\/div>\n\t<div  class=\"wpb_single_image wpb_content_element vc_align_left wpb_content_element\">\n\t\t\n\t\t<figure class=\"wpb_wrapper vc_figure\">\n\t\t\t<div class=\"vc_single_image-wrapper   vc_box_border_grey\"><img loading=\"lazy\" decoding=\"async\" width=\"1000\" height=\"1500\" src=\"https:\/\/www.c4trio.com\/wp-content\/uploads\/2020\/09\/DSC5335.jpg\" class=\"vc_single_image-img attachment-full\" alt=\"\" title=\"_DSC5335\" srcset=\"https:\/\/www.c4trio.com\/wp-content\/uploads\/2020\/09\/DSC5335.jpg 1000w, https:\/\/www.c4trio.com\/wp-content\/uploads\/2020\/09\/DSC5335-600x900.jpg 600w, https:\/\/www.c4trio.com\/wp-content\/uploads\/2020\/09\/DSC5335-200x300.jpg 200w, https:\/\/www.c4trio.com\/wp-content\/uploads\/2020\/09\/DSC5335-683x1024.jpg 683w, https:\/\/www.c4trio.com\/wp-content\/uploads\/2020\/09\/DSC5335-768x1152.jpg 768w\" sizes=\"auto, (max-width: 1000px) 100vw, 1000px\" \/><\/div>\n\t\t<\/figure>\n\t<\/div>\n<div class=\"vc_empty_space\"   style=\"height: 32px\"><span class=\"vc_empty_space_inner\"><\/span><\/div><\/div><\/div><\/div><\/div><\/div><\/div><\/div><\/div><\/div><\/div>\n<\/div>","protected":false},"excerpt":{"rendered":"El galardonado cuatrista, mandolinista y productor musical Jorge Glem es sin duda uno de los grandes tesoros musicales de Venezuela. Oriundo de la ciudad de Cuman\u00e1, Glem, quien actualmente reside en la ciudad de Nueva York se ha dedicado apasionadamente a dar a conocer el...","protected":false},"author":1,"featured_media":0,"parent":4094,"menu_order":0,"comment_status":"closed","ping_status":"closed","template":"","meta":{"footnotes":""},"class_list":["post-8988","page","type-page","status-publish","hentry"],"yoast_head":"<!-- This site is optimized with the Yoast SEO plugin v27.1.1 - https:\/\/yoast.com\/product\/yoast-seo-wordpress\/ -->\n<title>Jorge Glem - C4 Tr\u00edo<\/title>\n<meta name=\"robots\" content=\"index, follow, max-snippet:-1, max-image-preview:large, max-video-preview:-1\" \/>\n<link rel=\"canonical\" href=\"https:\/\/www.c4trio.com\/en\/biografia\/jorge-glem\/\" \/>\n<meta property=\"og:locale\" content=\"en_US\" \/>\n<meta property=\"og:type\" content=\"article\" \/>\n<meta property=\"og:title\" content=\"Jorge Glem - C4 Tr\u00edo\" \/>\n<meta property=\"og:url\" content=\"https:\/\/www.c4trio.com\/en\/biografia\/jorge-glem\/\" \/>\n<meta property=\"og:site_name\" content=\"C4 Tr\u00edo\" \/>\n<meta property=\"article:publisher\" content=\"https:\/\/www.facebook.com\/profile.php?id=100050537467192\" \/>\n<meta property=\"article:modified_time\" content=\"2020-09-14T07:41:48+00:00\" \/>\n<meta name=\"twitter:card\" content=\"summary_large_image\" \/>\n<meta name=\"twitter:site\" content=\"@c4trio\" \/>\n<meta name=\"twitter:label1\" content=\"Est. reading time\" \/>\n\t<meta name=\"twitter:data1\" content=\"2 minutes\" \/>\n<script type=\"application\/ld+json\" class=\"yoast-schema-graph\">{\"@context\":\"https:\/\/schema.org\",\"@graph\":[{\"@type\":\"WebPage\",\"@id\":\"https:\/\/www.c4trio.com\/biografia\/jorge-glem\/\",\"url\":\"https:\/\/www.c4trio.com\/biografia\/jorge-glem\/\",\"name\":\"Jorge Glem - C4 Tr\u00edo\",\"isPartOf\":{\"@id\":\"https:\/\/www.c4trio.com\/#website\"},\"datePublished\":\"2020-06-06T14:31:09+00:00\",\"dateModified\":\"2020-09-14T07:41:48+00:00\",\"breadcrumb\":{\"@id\":\"https:\/\/www.c4trio.com\/biografia\/jorge-glem\/#breadcrumb\"},\"inLanguage\":\"en-US\",\"potentialAction\":[{\"@type\":\"ReadAction\",\"target\":[\"https:\/\/www.c4trio.com\/biografia\/jorge-glem\/\"]}]},{\"@type\":\"BreadcrumbList\",\"@id\":\"https:\/\/www.c4trio.com\/biografia\/jorge-glem\/#breadcrumb\",\"itemListElement\":[{\"@type\":\"ListItem\",\"position\":1,\"name\":\"Portada\",\"item\":\"https:\/\/www.c4trio.com\/\"},{\"@type\":\"ListItem\",\"position\":2,\"name\":\"Biograf\u00eda\",\"item\":\"https:\/\/www.c4trio.com\/biografia\/\"},{\"@type\":\"ListItem\",\"position\":3,\"name\":\"Jorge Glem\"}]},{\"@type\":\"WebSite\",\"@id\":\"https:\/\/www.c4trio.com\/#website\",\"url\":\"https:\/\/www.c4trio.com\/\",\"name\":\"C4 Tr\u00edo\",\"description\":\"P\u00e1gina Oficial\",\"publisher\":{\"@id\":\"https:\/\/www.c4trio.com\/#organization\"},\"potentialAction\":[{\"@type\":\"SearchAction\",\"target\":{\"@type\":\"EntryPoint\",\"urlTemplate\":\"https:\/\/www.c4trio.com\/?s={search_term_string}\"},\"query-input\":{\"@type\":\"PropertyValueSpecification\",\"valueRequired\":true,\"valueName\":\"search_term_string\"}}],\"inLanguage\":\"en-US\"},{\"@type\":\"Organization\",\"@id\":\"https:\/\/www.c4trio.com\/#organization\",\"name\":\"C4 Tr\u00edo\",\"url\":\"https:\/\/www.c4trio.com\/\",\"logo\":{\"@type\":\"ImageObject\",\"inLanguage\":\"en-US\",\"@id\":\"https:\/\/www.c4trio.com\/#\/schema\/logo\/image\/\",\"url\":\"https:\/\/www.c4trio.com\/wp-content\/uploads\/2016\/09\/logo.png\",\"contentUrl\":\"https:\/\/www.c4trio.com\/wp-content\/uploads\/2016\/09\/logo.png\",\"width\":365,\"height\":80,\"caption\":\"C4 Tr\u00edo\"},\"image\":{\"@id\":\"https:\/\/www.c4trio.com\/#\/schema\/logo\/image\/\"},\"sameAs\":[\"https:\/\/www.facebook.com\/profile.php?id=100050537467192\",\"https:\/\/x.com\/c4trio\",\"https:\/\/www.instagram.com\/c4trio\"]}]}<\/script>\n<!-- \/ Yoast SEO plugin. -->","yoast_head_json":{"title":"Jorge Glem - C4 Tr\u00edo","robots":{"index":"index","follow":"follow","max-snippet":"max-snippet:-1","max-image-preview":"max-image-preview:large","max-video-preview":"max-video-preview:-1"},"canonical":"https:\/\/www.c4trio.com\/en\/biografia\/jorge-glem\/","og_locale":"en_US","og_type":"article","og_title":"Jorge Glem - C4 Tr\u00edo","og_url":"https:\/\/www.c4trio.com\/en\/biografia\/jorge-glem\/","og_site_name":"C4 Tr\u00edo","article_publisher":"https:\/\/www.facebook.com\/profile.php?id=100050537467192","article_modified_time":"2020-09-14T07:41:48+00:00","twitter_card":"summary_large_image","twitter_site":"@c4trio","twitter_misc":{"Est. reading time":"2 minutes"},"schema":{"@context":"https:\/\/schema.org","@graph":[{"@type":"WebPage","@id":"https:\/\/www.c4trio.com\/biografia\/jorge-glem\/","url":"https:\/\/www.c4trio.com\/biografia\/jorge-glem\/","name":"Jorge Glem - C4 Tr\u00edo","isPartOf":{"@id":"https:\/\/www.c4trio.com\/#website"},"datePublished":"2020-06-06T14:31:09+00:00","dateModified":"2020-09-14T07:41:48+00:00","breadcrumb":{"@id":"https:\/\/www.c4trio.com\/biografia\/jorge-glem\/#breadcrumb"},"inLanguage":"en-US","potentialAction":[{"@type":"ReadAction","target":["https:\/\/www.c4trio.com\/biografia\/jorge-glem\/"]}]},{"@type":"BreadcrumbList","@id":"https:\/\/www.c4trio.com\/biografia\/jorge-glem\/#breadcrumb","itemListElement":[{"@type":"ListItem","position":1,"name":"Portada","item":"https:\/\/www.c4trio.com\/"},{"@type":"ListItem","position":2,"name":"Biograf\u00eda","item":"https:\/\/www.c4trio.com\/biografia\/"},{"@type":"ListItem","position":3,"name":"Jorge Glem"}]},{"@type":"WebSite","@id":"https:\/\/www.c4trio.com\/#website","url":"https:\/\/www.c4trio.com\/","name":"C4 Trio","description":"P\u00e1gina Oficial","publisher":{"@id":"https:\/\/www.c4trio.com\/#organization"},"potentialAction":[{"@type":"SearchAction","target":{"@type":"EntryPoint","urlTemplate":"https:\/\/www.c4trio.com\/?s={search_term_string}"},"query-input":{"@type":"PropertyValueSpecification","valueRequired":true,"valueName":"search_term_string"}}],"inLanguage":"en-US"},{"@type":"Organization","@id":"https:\/\/www.c4trio.com\/#organization","name":"C4 Trio","url":"https:\/\/www.c4trio.com\/","logo":{"@type":"ImageObject","inLanguage":"en-US","@id":"https:\/\/www.c4trio.com\/#\/schema\/logo\/image\/","url":"https:\/\/www.c4trio.com\/wp-content\/uploads\/2016\/09\/logo.png","contentUrl":"https:\/\/www.c4trio.com\/wp-content\/uploads\/2016\/09\/logo.png","width":365,"height":80,"caption":"C4 Tr\u00edo"},"image":{"@id":"https:\/\/www.c4trio.com\/#\/schema\/logo\/image\/"},"sameAs":["https:\/\/www.facebook.com\/profile.php?id=100050537467192","https:\/\/x.com\/c4trio","https:\/\/www.instagram.com\/c4trio"]}]}},"_links":{"self":[{"href":"https:\/\/www.c4trio.com\/en\/wp-json\/wp\/v2\/pages\/8988","targetHints":{"allow":["GET"]}}],"collection":[{"href":"https:\/\/www.c4trio.com\/en\/wp-json\/wp\/v2\/pages"}],"about":[{"href":"https:\/\/www.c4trio.com\/en\/wp-json\/wp\/v2\/types\/page"}],"author":[{"embeddable":true,"href":"https:\/\/www.c4trio.com\/en\/wp-json\/wp\/v2\/users\/1"}],"replies":[{"embeddable":true,"href":"https:\/\/www.c4trio.com\/en\/wp-json\/wp\/v2\/comments?post=8988"}],"version-history":[{"count":6,"href":"https:\/\/www.c4trio.com\/en\/wp-json\/wp\/v2\/pages\/8988\/revisions"}],"predecessor-version":[{"id":9124,"href":"https:\/\/www.c4trio.com\/en\/wp-json\/wp\/v2\/pages\/8988\/revisions\/9124"}],"up":[{"embeddable":true,"href":"https:\/\/www.c4trio.com\/en\/wp-json\/wp\/v2\/pages\/4094"}],"wp:attachment":[{"href":"https:\/\/www.c4trio.com\/en\/wp-json\/wp\/v2\/media?parent=8988"}],"curies":[{"name":"wp","href":"https:\/\/api.w.org\/{rel}","templated":true}]}}