{"id":4963,"date":"2017-04-19T12:37:09","date_gmt":"2017-04-19T12:37:09","guid":{"rendered":"http:\/\/mixtape.select-themes.com\/?page_id=4963"},"modified":"2025-10-23T09:44:45","modified_gmt":"2025-10-23T14:44:45","slug":"conciertos","status":"publish","type":"page","link":"https:\/\/www.c4trio.com\/en\/conciertos\/","title":{"rendered":"Concerts"},"content":{"rendered":"<div class=\"wpb-content-wrapper\"><div class=\"vc_row wpb_row vc_row-fluid qodef-section vc_custom_1493376795806 qodef-content-aligment-left qodef-grid-section\" style=\"\"><div class=\"clearfix qodef-section-inner\"><div class=\"qodef-section-inner-margin clearfix\"><div class=\"wpb_column vc_column_container vc_col-sm-12\"><div class=\"vc_column-inner\"><div class=\"wpb_wrapper\"><div class=\"vc_row wpb_row vc_inner vc_row-fluid qodef-section qodef-content-aligment-left\" style=\"\"><div class=\"qodef-full-section-inner\"><div class=\"wpb_column vc_column_container vc_col-sm-12\"><div class=\"vc_column-inner\"><div class=\"wpb_wrapper\">\n\t<div class=\"wpb_text_column wpb_content_element\" >\n\t\t<div class=\"wpb_wrapper\">\n\t\t\t<a class=\"bit-widget-initializer\" data-artist-name=\"c4trio\" data-text-color=\"#000\" data-link-color=\"#EA901F\" data-link-text-color=\"#fff\" data-background-color=\"#fff\" data-popup-background-color=\"#FFFFFF\" data-font=\"Arial\" data-display-local-dates=\"false\" data-display-past-dates=\"true\" data-display-limit=\"15\" data-language=\"es\" data-auto-style=\"false\" ><\/a><style type=\"text\/css\">  <\/style>\n\n\t\t<\/div>\n\t<\/div>\n<\/div><\/div><\/div><\/div><\/div><\/div><\/div><\/div><\/div><\/div><\/div>\n<\/div>","protected":false},"excerpt":{"rendered":"","protected":false},"author":1,"featured_media":9327,"parent":0,"menu_order":0,"comment_status":"closed","ping_status":"closed","template":"full-width.php","meta":{"footnotes":""},"class_list":["post-4963","page","type-page","status-publish","has-post-thumbnail","hentry"],"yoast_head":"<!-- This site is optimized with the Yoast SEO plugin v27.1.1 - https:\/\/yoast.com\/product\/yoast-seo-wordpress\/ -->\n<title>Conciertos - C4 Tr\u00edo<\/title>\n<meta name=\"description\" content=\"Pr\u00f3ximos Conciertos de C4 Tr\u00edo\" \/>\n<meta name=\"robots\" content=\"index, follow, max-snippet:-1, max-image-preview:large, max-video-preview:-1\" \/>\n<link rel=\"canonical\" href=\"https:\/\/www.c4trio.com\/en\/conciertos\/\" \/>\n<meta property=\"og:locale\" content=\"en_US\" \/>\n<meta property=\"og:type\" content=\"article\" \/>\n<meta property=\"og:title\" content=\"Conciertos - C4 Tr\u00edo\" \/>\n<meta property=\"og:description\" content=\"Pr\u00f3ximos Conciertos de C4 Tr\u00edo\" \/>\n<meta property=\"og:url\" content=\"https:\/\/www.c4trio.com\/en\/conciertos\/\" \/>\n<meta property=\"og:site_name\" content=\"C4 Tr\u00edo\" \/>\n<meta property=\"article:publisher\" content=\"https:\/\/www.facebook.com\/profile.php?id=100050537467192\" \/>\n<meta property=\"article:modified_time\" content=\"2025-10-23T14:44:45+00:00\" \/>\n<meta property=\"og:image\" content=\"https:\/\/www.c4trio.com\/wp-content\/uploads\/2023\/02\/IMG_0699-e1674652701165.jpg\" \/>\n\t<meta property=\"og:image:width\" content=\"643\" \/>\n\t<meta property=\"og:image:height\" content=\"389\" \/>\n\t<meta property=\"og:image:type\" content=\"image\/jpeg\" \/>\n<meta name=\"twitter:card\" content=\"summary_large_image\" \/>\n<meta name=\"twitter:title\" content=\"Conciertos - C4 Tr\u00edo\" \/>\n<meta name=\"twitter:description\" content=\"Pr\u00f3ximos Conciertos de C4 Tr\u00edo\" \/>\n<meta name=\"twitter:image\" content=\"https:\/\/www.c4trio.com\/wp-content\/uploads\/2023\/02\/IMG_0699-e1674652701165.jpg\" \/>\n<meta name=\"twitter:site\" content=\"@c4trio\" \/>\n<meta name=\"twitter:label1\" content=\"Est. reading time\" \/>\n\t<meta name=\"twitter:data1\" content=\"1 minute\" \/>\n<script type=\"application\/ld+json\" class=\"yoast-schema-graph\">{\"@context\":\"https:\/\/schema.org\",\"@graph\":[{\"@type\":\"WebPage\",\"@id\":\"https:\/\/www.c4trio.com\/conciertos\/\",\"url\":\"https:\/\/www.c4trio.com\/conciertos\/\",\"name\":\"Conciertos - C4 Tr\u00edo\",\"isPartOf\":{\"@id\":\"https:\/\/www.c4trio.com\/#website\"},\"primaryImageOfPage\":{\"@id\":\"https:\/\/www.c4trio.com\/conciertos\/#primaryimage\"},\"image\":{\"@id\":\"https:\/\/www.c4trio.com\/conciertos\/#primaryimage\"},\"thumbnailUrl\":\"https:\/\/www.c4trio.com\/wp-content\/uploads\/2023\/02\/IMG_0699-e1674652701165.jpg\",\"datePublished\":\"2017-04-19T12:37:09+00:00\",\"dateModified\":\"2025-10-23T14:44:45+00:00\",\"description\":\"Pr\u00f3ximos Conciertos de C4 Tr\u00edo\",\"breadcrumb\":{\"@id\":\"https:\/\/www.c4trio.com\/conciertos\/#breadcrumb\"},\"inLanguage\":\"en-US\",\"potentialAction\":[{\"@type\":\"ReadAction\",\"target\":[\"https:\/\/www.c4trio.com\/conciertos\/\"]}]},{\"@type\":\"ImageObject\",\"inLanguage\":\"en-US\",\"@id\":\"https:\/\/www.c4trio.com\/conciertos\/#primaryimage\",\"url\":\"https:\/\/www.c4trio.com\/wp-content\/uploads\/2023\/02\/IMG_0699-e1674652701165.jpg\",\"contentUrl\":\"https:\/\/www.c4trio.com\/wp-content\/uploads\/2023\/02\/IMG_0699-e1674652701165.jpg\",\"width\":643,\"height\":389},{\"@type\":\"BreadcrumbList\",\"@id\":\"https:\/\/www.c4trio.com\/conciertos\/#breadcrumb\",\"itemListElement\":[{\"@type\":\"ListItem\",\"position\":1,\"name\":\"Portada\",\"item\":\"https:\/\/www.c4trio.com\/\"},{\"@type\":\"ListItem\",\"position\":2,\"name\":\"Conciertos\"}]},{\"@type\":\"WebSite\",\"@id\":\"https:\/\/www.c4trio.com\/#website\",\"url\":\"https:\/\/www.c4trio.com\/\",\"name\":\"C4 Tr\u00edo\",\"description\":\"P\u00e1gina Oficial\",\"publisher\":{\"@id\":\"https:\/\/www.c4trio.com\/#organization\"},\"potentialAction\":[{\"@type\":\"SearchAction\",\"target\":{\"@type\":\"EntryPoint\",\"urlTemplate\":\"https:\/\/www.c4trio.com\/?s={search_term_string}\"},\"query-input\":{\"@type\":\"PropertyValueSpecification\",\"valueRequired\":true,\"valueName\":\"search_term_string\"}}],\"inLanguage\":\"en-US\"},{\"@type\":\"Organization\",\"@id\":\"https:\/\/www.c4trio.com\/#organization\",\"name\":\"C4 Tr\u00edo\",\"url\":\"https:\/\/www.c4trio.com\/\",\"logo\":{\"@type\":\"ImageObject\",\"inLanguage\":\"en-US\",\"@id\":\"https:\/\/www.c4trio.com\/#\/schema\/logo\/image\/\",\"url\":\"https:\/\/www.c4trio.com\/wp-content\/uploads\/2016\/09\/logo.png\",\"contentUrl\":\"https:\/\/www.c4trio.com\/wp-content\/uploads\/2016\/09\/logo.png\",\"width\":365,\"height\":80,\"caption\":\"C4 Tr\u00edo\"},\"image\":{\"@id\":\"https:\/\/www.c4trio.com\/#\/schema\/logo\/image\/\"},\"sameAs\":[\"https:\/\/www.facebook.com\/profile.php?id=100050537467192\",\"https:\/\/x.com\/c4trio\",\"https:\/\/www.instagram.com\/c4trio\"]}]}<\/script>\n<!-- \/ Yoast SEO plugin. -->","yoast_head_json":{"title":"Conciertos - C4 Tr\u00edo","description":"Pr\u00f3ximos Conciertos de C4 Tr\u00edo","robots":{"index":"index","follow":"follow","max-snippet":"max-snippet:-1","max-image-preview":"max-image-preview:large","max-video-preview":"max-video-preview:-1"},"canonical":"https:\/\/www.c4trio.com\/en\/conciertos\/","og_locale":"en_US","og_type":"article","og_title":"Conciertos - C4 Tr\u00edo","og_description":"Pr\u00f3ximos Conciertos de C4 Tr\u00edo","og_url":"https:\/\/www.c4trio.com\/en\/conciertos\/","og_site_name":"C4 Tr\u00edo","article_publisher":"https:\/\/www.facebook.com\/profile.php?id=100050537467192","article_modified_time":"2025-10-23T14:44:45+00:00","og_image":[{"width":643,"height":389,"url":"https:\/\/www.c4trio.com\/wp-content\/uploads\/2023\/02\/IMG_0699-e1674652701165.jpg","type":"image\/jpeg"}],"twitter_card":"summary_large_image","twitter_title":"Conciertos - C4 Tr\u00edo","twitter_description":"Pr\u00f3ximos Conciertos de C4 Tr\u00edo","twitter_image":"https:\/\/www.c4trio.com\/wp-content\/uploads\/2023\/02\/IMG_0699-e1674652701165.jpg","twitter_site":"@c4trio","twitter_misc":{"Est. reading time":"1 minute"},"schema":{"@context":"https:\/\/schema.org","@graph":[{"@type":"WebPage","@id":"https:\/\/www.c4trio.com\/conciertos\/","url":"https:\/\/www.c4trio.com\/conciertos\/","name":"Conciertos - C4 Tr\u00edo","isPartOf":{"@id":"https:\/\/www.c4trio.com\/#website"},"primaryImageOfPage":{"@id":"https:\/\/www.c4trio.com\/conciertos\/#primaryimage"},"image":{"@id":"https:\/\/www.c4trio.com\/conciertos\/#primaryimage"},"thumbnailUrl":"https:\/\/www.c4trio.com\/wp-content\/uploads\/2023\/02\/IMG_0699-e1674652701165.jpg","datePublished":"2017-04-19T12:37:09+00:00","dateModified":"2025-10-23T14:44:45+00:00","description":"Pr\u00f3ximos Conciertos de C4 Tr\u00edo","breadcrumb":{"@id":"https:\/\/www.c4trio.com\/conciertos\/#breadcrumb"},"inLanguage":"en-US","potentialAction":[{"@type":"ReadAction","target":["https:\/\/www.c4trio.com\/conciertos\/"]}]},{"@type":"ImageObject","inLanguage":"en-US","@id":"https:\/\/www.c4trio.com\/conciertos\/#primaryimage","url":"https:\/\/www.c4trio.com\/wp-content\/uploads\/2023\/02\/IMG_0699-e1674652701165.jpg","contentUrl":"https:\/\/www.c4trio.com\/wp-content\/uploads\/2023\/02\/IMG_0699-e1674652701165.jpg","width":643,"height":389},{"@type":"BreadcrumbList","@id":"https:\/\/www.c4trio.com\/conciertos\/#breadcrumb","itemListElement":[{"@type":"ListItem","position":1,"name":"Portada","item":"https:\/\/www.c4trio.com\/"},{"@type":"ListItem","position":2,"name":"Conciertos"}]},{"@type":"WebSite","@id":"https:\/\/www.c4trio.com\/#website","url":"https:\/\/www.c4trio.com\/","name":"C4 Trio","description":"P\u00e1gina Oficial","publisher":{"@id":"https:\/\/www.c4trio.com\/#organization"},"potentialAction":[{"@type":"SearchAction","target":{"@type":"EntryPoint","urlTemplate":"https:\/\/www.c4trio.com\/?s={search_term_string}"},"query-input":{"@type":"PropertyValueSpecification","valueRequired":true,"valueName":"search_term_string"}}],"inLanguage":"en-US"},{"@type":"Organization","@id":"https:\/\/www.c4trio.com\/#organization","name":"C4 Trio","url":"https:\/\/www.c4trio.com\/","logo":{"@type":"ImageObject","inLanguage":"en-US","@id":"https:\/\/www.c4trio.com\/#\/schema\/logo\/image\/","url":"https:\/\/www.c4trio.com\/wp-content\/uploads\/2016\/09\/logo.png","contentUrl":"https:\/\/www.c4trio.com\/wp-content\/uploads\/2016\/09\/logo.png","width":365,"height":80,"caption":"C4 Tr\u00edo"},"image":{"@id":"https:\/\/www.c4trio.com\/#\/schema\/logo\/image\/"},"sameAs":["https:\/\/www.facebook.com\/profile.php?id=100050537467192","https:\/\/x.com\/c4trio","https:\/\/www.instagram.com\/c4trio"]}]}},"_links":{"self":[{"href":"https:\/\/www.c4trio.com\/en\/wp-json\/wp\/v2\/pages\/4963","targetHints":{"allow":["GET"]}}],"collection":[{"href":"https:\/\/www.c4trio.com\/en\/wp-json\/wp\/v2\/pages"}],"about":[{"href":"https:\/\/www.c4trio.com\/en\/wp-json\/wp\/v2\/types\/page"}],"author":[{"embeddable":true,"href":"https:\/\/www.c4trio.com\/en\/wp-json\/wp\/v2\/users\/1"}],"replies":[{"embeddable":true,"href":"https:\/\/www.c4trio.com\/en\/wp-json\/wp\/v2\/comments?post=4963"}],"version-history":[{"count":7,"href":"https:\/\/www.c4trio.com\/en\/wp-json\/wp\/v2\/pages\/4963\/revisions"}],"predecessor-version":[{"id":9259,"href":"https:\/\/www.c4trio.com\/en\/wp-json\/wp\/v2\/pages\/4963\/revisions\/9259"}],"wp:featuredmedia":[{"embeddable":true,"href":"https:\/\/www.c4trio.com\/en\/wp-json\/wp\/v2\/media\/9327"}],"wp:attachment":[{"href":"https:\/\/www.c4trio.com\/en\/wp-json\/wp\/v2\/media?parent=4963"}],"curies":[{"name":"wp","href":"https:\/\/api.w.org\/{rel}","templated":true}]}}