{"id":4094,"date":"2017-04-11T08:54:44","date_gmt":"2017-04-11T08:54:44","guid":{"rendered":"http:\/\/mixtape.select-themes.com\/?page_id=4094"},"modified":"2026-03-10T18:20:57","modified_gmt":"2026-03-10T23:20:57","slug":"biografia","status":"publish","type":"page","link":"https:\/\/www.c4trio.com\/en\/biografia\/","title":{"rendered":"Biography"},"content":{"rendered":"<div class=\"wpb-content-wrapper\"><div class=\"vc_row wpb_row vc_row-fluid qodef-section vc_custom_1571974540166 qodef-content-aligment-left\" style=\"\"><div class=\"clearfix qodef-full-section-inner\"><div class=\"wpb_column vc_column_container vc_col-sm-6 vc_col-lg-offset-0 vc_col-lg-6 vc_col-md-offset-0 vc_col-md-12 vc_col-sm-offset-0\"><div class=\"vc_column-inner vc_custom_1491919263780\"><div class=\"wpb_wrapper\"><div class=\"vc_empty_space\"   style=\"height: 52px\"><span class=\"vc_empty_space_inner\"><\/span><\/div><div class=\"qodef-elements-holder qodef-responsive-mode-768\" ><div class=\"qodef-elements-holder-item\" data-item-class=\"qodef-elements-holder-custom-202105\" data-1280-1440=\"17.5% 14% 0 10%\" data-1024-1280=\"13% 13% 0 9%\" data-768-1024=\"10% 13% 10.2% 8%\" data-600-768=\"10% 13% 10.2% 8%\" data-480-600=\"20% 12% 20% 10%\" data-480=\"20% 12% 20% 10%\" >\n\t<div class=\"qodef-elements-holder-item-inner\">\n\t\t<div class=\"qodef-elements-holder-item-content qodef-elements-holder-custom-202105\" style=\"padding: 15.5% 20% 0 12%\">\n\t\t\t\n\t<div class=\"wpb_text_column wpb_content_element\" >\n\t\t<div class=\"wpb_wrapper\">\n\t\t\t<h1><span style=\"color: #53bdd9;\">EL GRUPO<\/span><\/h1>\n\n\t\t<\/div>\n\t<\/div>\n<div class=\"qodef-separator-holder clearfix  qodef-separator-left\">\n\t<div class=\"qodef-separator\" style=\"border-color: #000000;width: 22px;border-bottom-width: 3px;margin-top: 28px;margin-bottom: 28px\"><\/div>\n<\/div>\n\n\t<div class=\"wpb_text_column wpb_content_element vc_custom_1644344009972\" >\n\t\t<div class=\"wpb_wrapper\">\n\t\t\t<p><b>C4 Trio<\/b><span style=\"font-weight: 400;\"> es considerado hoy en d\u00eda una de las propuestas musicales m\u00e1s innovadoras y originales de la movida musical venezolana y latinoamericana. Con su formato inusual; tres Cuatros venezolanos y un Bajo el\u00e9ctrico, han logrado una sonoridad \u00fanica, enraizada en la m\u00fasica popular venezolana pero con fuertes pinceladas de jazz, m\u00fasica latina, world music y pop. Por esta raz\u00f3n <\/span><b>C4 Trio<\/b><span style=\"font-weight: 400;\"> se ha paseado sin complejos por los m\u00e1s diversos estilos musicales, sorprendiendo por el virtuosismo de sus ejecuciones, la creatividad de sus arreglos y por la inmensa variedades de recursos sonoros que extraen del Cuatro venezolano.\u00a0<\/span><\/p>\n<p><b>C4 Trio<\/b><span style=\"font-weight: 400;\"> fue fundado en 2005 por los cuatristas Jorge Glem, Edward Ram\u00edrez y H\u00e9ctor Molina a quienes se les uni\u00f3 luego el bajista Rodner Padilla y m\u00e1s tarde Gustavo M\u00e1rquez. Han compartido experiencias musicales con artistas de las m\u00e1s diversas tendencias, dentro de los que caben destacar: Carlos Vives, Soledad Bravo, Marta G\u00f3mez, Oscar D\u2019 Le\u00f3n, Guaco, Serenata Guayanesa, Desorden P\u00fablico, Luis Enrique, Rafael \u201cPollo\u201d Brito, Anat Cohen, El Cuarteto, Edmar Casta\u00f1eda, Puerto Candelaria, Eddy Marcano, Aquiles B\u00e1ez, Alexis C\u00e1rdenas, Servando Primera, Francisco Pacheco, Betsayda Machado, Marcial Ist\u00fariz, Cheo Hurtado, Rub\u00e9n Blades, Gualberto Ibarreto, entre otros.<\/span><\/p>\n<p><span style=\"font-weight: 400;\">Tienen en su haber 6 producciones discogr\u00e1ficas y un DVD conmemorativo de sus 10 a\u00f1os de vida art\u00edstica con la participaci\u00f3n de un importante grupo de artistas venezolanos. Su disco \u201cGualberto+C4\u201d (2012), hecho en colaboraci\u00f3n con el afamado cantante venezolano Gualberto Ibarreto, fue nominado al Latin Grammy 2013 como Mejor \u00c1lbum de M\u00fasica Folkl\u00f3rica. <\/span><\/p>\n<p><span style=\"font-weight: 400;\">En 2014 su disco \u201cDe Repente\u201d (2013), hecho conjuntamente con el cantante venezolano Rafael \u201cPollo\u201d Brito, obtuvo un Latin Grammy por Mejor Ingenier\u00eda de Sonido para un \u00c1lbum. Tambi\u00e9n el disco \u201cPa Fuera\u201d (2017) hecho junto a la banda venezolana de Ska Desorden P\u00fablico obtuvo una nominaci\u00f3n en la 60th Grammy Award 2018 como Best Latin, Rock and Alternative Album y su m\u00e1s reciente producci\u00f3n \u201cTiempo al tiempo\u201d (2019), hecha junto al cantante nicarag\u00fcense Luis Enrique obtuvo Latin Grammy como Mejor \u00c1lbum de M\u00fasica Folkl\u00f3rica y Mejor Arreglo por el tema \u201cSirena\u201d, as\u00ed mismo una nominaci\u00f3n como Best Tropical Latin Album en 62th Grammy Award 2020. En 2021 sali\u00f3 al mercado el EP \u201cBack to 4\u201dcuyo \u00e1lbum completo estar\u00e1 disponible en mayo de 2022. \u201cBack to 4\u201d es un \u00e1lbum hecho en co-produci\u00f3n con el productor norteamericano Michael League y saldr\u00e1 bajo el sello Ground Up Music. <\/span><\/p>\n<p><b>C<\/b><b>4 Tr\u00edo<\/b><span style=\"font-weight: 400;\"> ha mantenido desde su fundaci\u00f3n una intensa agenda de conciertos en los escenarios m\u00e1s importantes de Am\u00e9rica y Europa mostrando siempre la versatilidad y universalidad del Cuatro venezolano.<\/span><\/p>\n\n\t\t<\/div>\n\t<\/div>\n<div class=\"vc_empty_space\"   style=\"height: 50px\"><span class=\"vc_empty_space_inner\"><\/span><\/div>\t\t<\/div>\n\t<\/div>\n<\/div><\/div><\/div><\/div><\/div><div class=\"wpb_column vc_column_container vc_col-sm-6 vc_col-lg-offset-0 vc_col-lg-6 vc_col-md-offset-0 vc_col-md-12 vc_col-sm-offset-0\"><div class=\"vc_column-inner vc_custom_1573439450013\"><div class=\"wpb_wrapper\"><div class=\"vc_empty_space\"   style=\"height: 102px\"><span class=\"vc_empty_space_inner\"><\/span><\/div>\n\t<div  class=\"wpb_single_image wpb_content_element vc_align_left wpb_content_element\">\n\t\t\n\t\t<figure class=\"wpb_wrapper vc_figure\">\n\t\t\t<div class=\"vc_single_image-wrapper   vc_box_border_grey\"><img loading=\"lazy\" decoding=\"async\" width=\"1440\" height=\"900\" src=\"https:\/\/www.c4trio.com\/wp-content\/uploads\/2022\/02\/c4.jpg\" class=\"vc_single_image-img attachment-full\" alt=\"\" title=\"Instagram: @jag_photox - COPYRIGHTS RESERVED\" srcset=\"https:\/\/www.c4trio.com\/wp-content\/uploads\/2022\/02\/c4.jpg 1440w, https:\/\/www.c4trio.com\/wp-content\/uploads\/2022\/02\/c4-300x188.jpg 300w, https:\/\/www.c4trio.com\/wp-content\/uploads\/2022\/02\/c4-1024x640.jpg 1024w, https:\/\/www.c4trio.com\/wp-content\/uploads\/2022\/02\/c4-768x480.jpg 768w\" sizes=\"auto, (max-width: 1440px) 100vw, 1440px\" \/><\/div>\n\t\t<\/figure>\n\t<\/div>\n<div class=\"vc_empty_space\"   style=\"height: 42px\"><span class=\"vc_empty_space_inner\"><\/span><\/div>\n\t<div  class=\"wpb_single_image wpb_content_element vc_align_left wpb_content_element\">\n\t\t\n\t\t<figure class=\"wpb_wrapper vc_figure\">\n\t\t\t<div class=\"vc_single_image-wrapper   vc_box_border_grey\"><img loading=\"lazy\" decoding=\"async\" width=\"1350\" height=\"900\" src=\"https:\/\/www.c4trio.com\/wp-content\/uploads\/2020\/05\/MG_1347.jpg\" class=\"vc_single_image-img attachment-full\" alt=\"\" title=\"_MG_1347\" srcset=\"https:\/\/www.c4trio.com\/wp-content\/uploads\/2020\/05\/MG_1347.jpg 1350w, https:\/\/www.c4trio.com\/wp-content\/uploads\/2020\/05\/MG_1347-600x400.jpg 600w, https:\/\/www.c4trio.com\/wp-content\/uploads\/2020\/05\/MG_1347-300x200.jpg 300w, https:\/\/www.c4trio.com\/wp-content\/uploads\/2020\/05\/MG_1347-1024x683.jpg 1024w, https:\/\/www.c4trio.com\/wp-content\/uploads\/2020\/05\/MG_1347-768x512.jpg 768w\" sizes=\"auto, (max-width: 1350px) 100vw, 1350px\" \/><\/div>\n\t\t<\/figure>\n\t<\/div>\n<div class=\"vc_empty_space\"   style=\"height: 42px\"><span class=\"vc_empty_space_inner\"><\/span><\/div><\/div><\/div><\/div><\/div><\/div>\n<\/div>","protected":false},"excerpt":{"rendered":"EL GRUPO C4 Tr\u00edo es considerado hoy en d\u00eda una de las propuestas musicales m\u00e1s innovadoras y originales de la movida musical venezolana y latinoamericana. Con su formato inusual; tres Cuatros venezolanos y un Bajo el\u00e9ctrico, han logrado una sonoridad \u00fanica, enraizada en la m\u00fasica...","protected":false},"author":1,"featured_media":8869,"parent":0,"menu_order":0,"comment_status":"closed","ping_status":"closed","template":"full-width.php","meta":{"footnotes":""},"class_list":["post-4094","page","type-page","status-publish","has-post-thumbnail","hentry"],"yoast_head":"<!-- This site is optimized with the Yoast SEO plugin v27.1.1 - https:\/\/yoast.com\/product\/yoast-seo-wordpress\/ -->\n<title>Biograf\u00eda de C4 Tr\u00edo<\/title>\n<meta name=\"description\" content=\"El origen de C4 Tr\u00edo est\u00e1 directamente emparentado con el Concurso Internacional La Siembra del Cuatro, ideado por el maestro Cheo Hurtado, en el cual\u00a0Jorge Glem,\u00a0H\u00e9ctor Molina\u00a0y\u00a0Edward Ram\u00edrez\u00a0tuvieron excelentes participaciones en las ediciones de 2004 y 2005. Y es a ra\u00edz de ello cuando, en noviembre de 2005, estos tres m\u00fasicos fueron invitados, junto a un cuarto cuatrista,\" \/>\n<meta name=\"robots\" content=\"index, follow, max-snippet:-1, max-image-preview:large, max-video-preview:-1\" \/>\n<link rel=\"canonical\" href=\"https:\/\/www.c4trio.com\/en\/biografia\/\" \/>\n<meta property=\"og:locale\" content=\"en_US\" \/>\n<meta property=\"og:type\" content=\"article\" \/>\n<meta property=\"og:title\" content=\"Biograf\u00eda de C4 Tr\u00edo\" \/>\n<meta property=\"og:description\" content=\"El origen de C4 Tr\u00edo est\u00e1 directamente emparentado con el Concurso Internacional La Siembra del Cuatro, ideado por el maestro Cheo Hurtado, en el cual\u00a0Jorge Glem,\u00a0H\u00e9ctor Molina\u00a0y\u00a0Edward Ram\u00edrez\u00a0tuvieron excelentes participaciones en las ediciones de 2004 y 2005. Y es a ra\u00edz de ello cuando, en noviembre de 2005, estos tres m\u00fasicos fueron invitados, junto a un cuarto cuatrista,\" \/>\n<meta property=\"og:url\" content=\"https:\/\/www.c4trio.com\/en\/biografia\/\" \/>\n<meta property=\"og:site_name\" content=\"C4 Tr\u00edo\" \/>\n<meta property=\"article:publisher\" content=\"https:\/\/www.facebook.com\/profile.php?id=100050537467192\" \/>\n<meta property=\"article:modified_time\" content=\"2026-03-10T23:20:57+00:00\" \/>\n<meta property=\"og:image\" content=\"https:\/\/www.c4trio.com\/wp-content\/uploads\/2020\/05\/MG_1347.jpg\" \/>\n\t<meta property=\"og:image:width\" content=\"1350\" \/>\n\t<meta property=\"og:image:height\" content=\"900\" \/>\n\t<meta property=\"og:image:type\" content=\"image\/jpeg\" \/>\n<meta name=\"twitter:card\" content=\"summary_large_image\" \/>\n<meta name=\"twitter:site\" content=\"@c4trio\" \/>\n<meta name=\"twitter:label1\" content=\"Est. reading time\" \/>\n\t<meta name=\"twitter:data1\" content=\"3 minutes\" \/>\n<script type=\"application\/ld+json\" class=\"yoast-schema-graph\">{\"@context\":\"https:\/\/schema.org\",\"@graph\":[{\"@type\":\"WebPage\",\"@id\":\"https:\/\/www.c4trio.com\/biografia\/\",\"url\":\"https:\/\/www.c4trio.com\/biografia\/\",\"name\":\"Biograf\u00eda de C4 Tr\u00edo\",\"isPartOf\":{\"@id\":\"https:\/\/www.c4trio.com\/#website\"},\"primaryImageOfPage\":{\"@id\":\"https:\/\/www.c4trio.com\/biografia\/#primaryimage\"},\"image\":{\"@id\":\"https:\/\/www.c4trio.com\/biografia\/#primaryimage\"},\"thumbnailUrl\":\"https:\/\/www.c4trio.com\/wp-content\/uploads\/2020\/05\/MG_1347.jpg\",\"datePublished\":\"2017-04-11T08:54:44+00:00\",\"dateModified\":\"2026-03-10T23:20:57+00:00\",\"description\":\"El origen de C4 Tr\u00edo est\u00e1 directamente emparentado con el Concurso Internacional La Siembra del Cuatro, ideado por el maestro Cheo Hurtado, en el cual\u00a0Jorge Glem,\u00a0H\u00e9ctor Molina\u00a0y\u00a0Edward Ram\u00edrez\u00a0tuvieron excelentes participaciones en las ediciones de 2004 y 2005. Y es a ra\u00edz de ello cuando, en noviembre de 2005, estos tres m\u00fasicos fueron invitados, junto a un cuarto cuatrista,\",\"breadcrumb\":{\"@id\":\"https:\/\/www.c4trio.com\/biografia\/#breadcrumb\"},\"inLanguage\":\"en-US\",\"potentialAction\":[{\"@type\":\"ReadAction\",\"target\":[\"https:\/\/www.c4trio.com\/biografia\/\"]}]},{\"@type\":\"ImageObject\",\"inLanguage\":\"en-US\",\"@id\":\"https:\/\/www.c4trio.com\/biografia\/#primaryimage\",\"url\":\"https:\/\/www.c4trio.com\/wp-content\/uploads\/2020\/05\/MG_1347.jpg\",\"contentUrl\":\"https:\/\/www.c4trio.com\/wp-content\/uploads\/2020\/05\/MG_1347.jpg\",\"width\":1350,\"height\":900},{\"@type\":\"BreadcrumbList\",\"@id\":\"https:\/\/www.c4trio.com\/biografia\/#breadcrumb\",\"itemListElement\":[{\"@type\":\"ListItem\",\"position\":1,\"name\":\"Portada\",\"item\":\"https:\/\/www.c4trio.com\/\"},{\"@type\":\"ListItem\",\"position\":2,\"name\":\"Biograf\u00eda\"}]},{\"@type\":\"WebSite\",\"@id\":\"https:\/\/www.c4trio.com\/#website\",\"url\":\"https:\/\/www.c4trio.com\/\",\"name\":\"C4 Tr\u00edo\",\"description\":\"P\u00e1gina Oficial\",\"publisher\":{\"@id\":\"https:\/\/www.c4trio.com\/#organization\"},\"potentialAction\":[{\"@type\":\"SearchAction\",\"target\":{\"@type\":\"EntryPoint\",\"urlTemplate\":\"https:\/\/www.c4trio.com\/?s={search_term_string}\"},\"query-input\":{\"@type\":\"PropertyValueSpecification\",\"valueRequired\":true,\"valueName\":\"search_term_string\"}}],\"inLanguage\":\"en-US\"},{\"@type\":\"Organization\",\"@id\":\"https:\/\/www.c4trio.com\/#organization\",\"name\":\"C4 Tr\u00edo\",\"url\":\"https:\/\/www.c4trio.com\/\",\"logo\":{\"@type\":\"ImageObject\",\"inLanguage\":\"en-US\",\"@id\":\"https:\/\/www.c4trio.com\/#\/schema\/logo\/image\/\",\"url\":\"https:\/\/www.c4trio.com\/wp-content\/uploads\/2016\/09\/logo.png\",\"contentUrl\":\"https:\/\/www.c4trio.com\/wp-content\/uploads\/2016\/09\/logo.png\",\"width\":365,\"height\":80,\"caption\":\"C4 Tr\u00edo\"},\"image\":{\"@id\":\"https:\/\/www.c4trio.com\/#\/schema\/logo\/image\/\"},\"sameAs\":[\"https:\/\/www.facebook.com\/profile.php?id=100050537467192\",\"https:\/\/x.com\/c4trio\",\"https:\/\/www.instagram.com\/c4trio\"]}]}<\/script>\n<!-- \/ Yoast SEO plugin. -->","yoast_head_json":{"title":"Biograf\u00eda de C4 Tr\u00edo","description":"El origen de C4 Tr\u00edo est\u00e1 directamente emparentado con el Concurso Internacional La Siembra del Cuatro, ideado por el maestro Cheo Hurtado, en el cual\u00a0Jorge Glem,\u00a0H\u00e9ctor Molina\u00a0y\u00a0Edward Ram\u00edrez\u00a0tuvieron excelentes participaciones en las ediciones de 2004 y 2005. Y es a ra\u00edz de ello cuando, en noviembre de 2005, estos tres m\u00fasicos fueron invitados, junto a un cuarto cuatrista,","robots":{"index":"index","follow":"follow","max-snippet":"max-snippet:-1","max-image-preview":"max-image-preview:large","max-video-preview":"max-video-preview:-1"},"canonical":"https:\/\/www.c4trio.com\/en\/biografia\/","og_locale":"en_US","og_type":"article","og_title":"Biograf\u00eda de C4 Tr\u00edo","og_description":"El origen de C4 Tr\u00edo est\u00e1 directamente emparentado con el Concurso Internacional La Siembra del Cuatro, ideado por el maestro Cheo Hurtado, en el cual\u00a0Jorge Glem,\u00a0H\u00e9ctor Molina\u00a0y\u00a0Edward Ram\u00edrez\u00a0tuvieron excelentes participaciones en las ediciones de 2004 y 2005. Y es a ra\u00edz de ello cuando, en noviembre de 2005, estos tres m\u00fasicos fueron invitados, junto a un cuarto cuatrista,","og_url":"https:\/\/www.c4trio.com\/en\/biografia\/","og_site_name":"C4 Tr\u00edo","article_publisher":"https:\/\/www.facebook.com\/profile.php?id=100050537467192","article_modified_time":"2026-03-10T23:20:57+00:00","og_image":[{"width":1350,"height":900,"url":"https:\/\/www.c4trio.com\/wp-content\/uploads\/2020\/05\/MG_1347.jpg","type":"image\/jpeg"}],"twitter_card":"summary_large_image","twitter_site":"@c4trio","twitter_misc":{"Est. reading time":"3 minutes"},"schema":{"@context":"https:\/\/schema.org","@graph":[{"@type":"WebPage","@id":"https:\/\/www.c4trio.com\/biografia\/","url":"https:\/\/www.c4trio.com\/biografia\/","name":"Biograf\u00eda de C4 Tr\u00edo","isPartOf":{"@id":"https:\/\/www.c4trio.com\/#website"},"primaryImageOfPage":{"@id":"https:\/\/www.c4trio.com\/biografia\/#primaryimage"},"image":{"@id":"https:\/\/www.c4trio.com\/biografia\/#primaryimage"},"thumbnailUrl":"https:\/\/www.c4trio.com\/wp-content\/uploads\/2020\/05\/MG_1347.jpg","datePublished":"2017-04-11T08:54:44+00:00","dateModified":"2026-03-10T23:20:57+00:00","description":"El origen de C4 Tr\u00edo est\u00e1 directamente emparentado con el Concurso Internacional La Siembra del Cuatro, ideado por el maestro Cheo Hurtado, en el cual\u00a0Jorge Glem,\u00a0H\u00e9ctor Molina\u00a0y\u00a0Edward Ram\u00edrez\u00a0tuvieron excelentes participaciones en las ediciones de 2004 y 2005. Y es a ra\u00edz de ello cuando, en noviembre de 2005, estos tres m\u00fasicos fueron invitados, junto a un cuarto cuatrista,","breadcrumb":{"@id":"https:\/\/www.c4trio.com\/biografia\/#breadcrumb"},"inLanguage":"en-US","potentialAction":[{"@type":"ReadAction","target":["https:\/\/www.c4trio.com\/biografia\/"]}]},{"@type":"ImageObject","inLanguage":"en-US","@id":"https:\/\/www.c4trio.com\/biografia\/#primaryimage","url":"https:\/\/www.c4trio.com\/wp-content\/uploads\/2020\/05\/MG_1347.jpg","contentUrl":"https:\/\/www.c4trio.com\/wp-content\/uploads\/2020\/05\/MG_1347.jpg","width":1350,"height":900},{"@type":"BreadcrumbList","@id":"https:\/\/www.c4trio.com\/biografia\/#breadcrumb","itemListElement":[{"@type":"ListItem","position":1,"name":"Portada","item":"https:\/\/www.c4trio.com\/"},{"@type":"ListItem","position":2,"name":"Biograf\u00eda"}]},{"@type":"WebSite","@id":"https:\/\/www.c4trio.com\/#website","url":"https:\/\/www.c4trio.com\/","name":"C4 Trio","description":"P\u00e1gina Oficial","publisher":{"@id":"https:\/\/www.c4trio.com\/#organization"},"potentialAction":[{"@type":"SearchAction","target":{"@type":"EntryPoint","urlTemplate":"https:\/\/www.c4trio.com\/?s={search_term_string}"},"query-input":{"@type":"PropertyValueSpecification","valueRequired":true,"valueName":"search_term_string"}}],"inLanguage":"en-US"},{"@type":"Organization","@id":"https:\/\/www.c4trio.com\/#organization","name":"C4 Trio","url":"https:\/\/www.c4trio.com\/","logo":{"@type":"ImageObject","inLanguage":"en-US","@id":"https:\/\/www.c4trio.com\/#\/schema\/logo\/image\/","url":"https:\/\/www.c4trio.com\/wp-content\/uploads\/2016\/09\/logo.png","contentUrl":"https:\/\/www.c4trio.com\/wp-content\/uploads\/2016\/09\/logo.png","width":365,"height":80,"caption":"C4 Tr\u00edo"},"image":{"@id":"https:\/\/www.c4trio.com\/#\/schema\/logo\/image\/"},"sameAs":["https:\/\/www.facebook.com\/profile.php?id=100050537467192","https:\/\/x.com\/c4trio","https:\/\/www.instagram.com\/c4trio"]}]}},"_links":{"self":[{"href":"https:\/\/www.c4trio.com\/en\/wp-json\/wp\/v2\/pages\/4094","targetHints":{"allow":["GET"]}}],"collection":[{"href":"https:\/\/www.c4trio.com\/en\/wp-json\/wp\/v2\/pages"}],"about":[{"href":"https:\/\/www.c4trio.com\/en\/wp-json\/wp\/v2\/types\/page"}],"author":[{"embeddable":true,"href":"https:\/\/www.c4trio.com\/en\/wp-json\/wp\/v2\/users\/1"}],"replies":[{"embeddable":true,"href":"https:\/\/www.c4trio.com\/en\/wp-json\/wp\/v2\/comments?post=4094"}],"version-history":[{"count":17,"href":"https:\/\/www.c4trio.com\/en\/wp-json\/wp\/v2\/pages\/4094\/revisions"}],"predecessor-version":[{"id":9205,"href":"https:\/\/www.c4trio.com\/en\/wp-json\/wp\/v2\/pages\/4094\/revisions\/9205"}],"wp:featuredmedia":[{"embeddable":true,"href":"https:\/\/www.c4trio.com\/en\/wp-json\/wp\/v2\/media\/8869"}],"wp:attachment":[{"href":"https:\/\/www.c4trio.com\/en\/wp-json\/wp\/v2\/media?parent=4094"}],"curies":[{"name":"wp","href":"https:\/\/api.w.org\/{rel}","templated":true}]}}